{"id":127,"date":"2024-01-12T21:12:46","date_gmt":"2024-01-12T21:12:46","guid":{"rendered":"https:\/\/www.arbexal.com\/?page_id=127"},"modified":"2024-10-04T13:22:24","modified_gmt":"2024-10-04T13:22:24","slug":"price-offer-request","status":"publish","type":"page","link":"https:\/\/arbexal.com\/de\/price-offer-request\/","title":{"rendered":"Angebotsanfrage"},"content":{"rendered":"<div class=\"wpb-content-wrapper\"><p>[vc_row full_width=&#8220;stretch_row_content_no_spaces&#8220;][vc_column el_class=&#8220;top-section-texts&#8220;]<div data-background=\"https:\/\/arbexal.com\/wp-content\/uploads\/2024\/01\/arbexal_office.jpg\" class=\"intro full\"><div class=\"intro-body\"><div class=\"container\"><div class=\"row\"><div class=\"col-md-6 col-md-offset-3\"><h1 style=\"font-size: ; font-family: Raleway; line-height: ;\" class=\"\">Angebotsanfrage<\/h1><h4 style=\"font-family: ;\" class=\"\">Wenn Sie ein Preisangebot anfordern m\u00f6chten, f\u00fcllen Sie bitte das folgende Formular aus. Nach Ihrer Anfrage leiten wir innerhalb weniger Werktage ein kostenloses Beratungsgespr\u00e4ch ein, auf dessen Grundlage wir Ihnen ein individuelles Preisangebot erstellen. Wir freuen uns darauf, von Ihnen zu h\u00f6ren, egal ob es sich um ein multinationales Unternehmen oder ein kleines Einzelunternehmen handelt!<\/h4><\/div><\/div><\/div><\/div><\/div><script>\r\njQuery.noConflict()(function($){\r\n\"use strict\";\r\n\r\n        var introHeader = $(\".intro\"),\r\n            intro = $(\".intro\");\r\n\r\n        buildModuleHeader(introHeader);\r\n\r\n        $(window).resize(function() {\r\n            var width = Math.max($(window).width(), window.innerWidth);\r\n            buildModuleHeader(introHeader);\r\n        });\r\n\r\n        $(window).scroll(function() {\r\n            effectsModuleHeader(introHeader, this);\r\n        });\r\n\r\n        intro.each(function(i) {\r\n            if ($(this).attr(\"data-background\")) {\r\n                $(this).css(\"background-image\", \"url(\" + $(this).attr(\"data-background\") + \")\");\r\n            }\r\n        });\r\n\r\n\r\n        function buildModuleHeader(introHeader) {\r\n        };\r\n        function effectsModuleHeader(introHeader, scrollTopp) {\r\n            if (introHeader.length > 0) {\r\n                var homeSHeight = introHeader.height();\r\n                var topScroll = $(document).scrollTop();\r\n                if ((introHeader.hasClass(\"intro\")) && ($(scrollTopp).scrollTop() <= homeSHeight)) {\r\n                    introHeader.css(\"top\", (topScroll * .4));\r\n                }\r\n                if (introHeader.hasClass(\"intro\") && ($(scrollTopp).scrollTop() <= homeSHeight)) {\r\n                    introHeader.css(\"opacity\", (1 - topScroll\/introHeader.height() * 1));\r\n                }\r\n            }\r\n        };\r\n});\r\n\t<\/script>[\/vc_column][\/vc_row][vc_row css=&#8220;.vc_custom_1554733792025{padding-top: 105px !important;padding-bottom: 140px !important;}&#8220;][vc_column][vc_row_inner css=&#8220;.vc_custom_1479804800604{margin-top: 50px !important;}&#8220;][vc_column_inner offset=&#8220;vc_col-lg-5 vc_col-md-6 vc_col-xs-12&#8243;]<div class=\"promo-block  \">\r\n            \t<h3>F\u00fcllen Sie die Felder aus!<\/h3>\r\n            \t<p><\/p>\r\n              <\/div>\n<div class=\"wpcf7 no-js\" id=\"wpcf7-f160-o2\" lang=\"en-US\" dir=\"ltr\" data-wpcf7-id=\"160\">\n<div class=\"screen-reader-response\"><p role=\"status\" aria-live=\"polite\" aria-atomic=\"true\"><\/p> <ul><\/ul><\/div>\n<form action=\"\/de\/wp-json\/wp\/v2\/pages\/127#wpcf7-f160-o2\" method=\"post\" class=\"wpcf7-form init\" aria-label=\"Contact form\" novalidate=\"novalidate\" data-status=\"init\">\n<fieldset class=\"hidden-fields-container\"><input type=\"hidden\" name=\"_wpcf7\" value=\"160\" \/><input type=\"hidden\" name=\"_wpcf7_version\" value=\"6.1.5\" \/><input type=\"hidden\" name=\"_wpcf7_locale\" value=\"en_US\" \/><input type=\"hidden\" name=\"_wpcf7_unit_tag\" value=\"wpcf7-f160-o2\" \/><input type=\"hidden\" name=\"_wpcf7_container_post\" value=\"0\" \/><input type=\"hidden\" name=\"_wpcf7_posted_data_hash\" value=\"\" \/><input type=\"hidden\" name=\"_wpcf7_recaptcha_response\" value=\"\" \/>\n<\/fieldset>\n<p><label for=\"name\" class=\"sr-only control-label\">Name*<\/label><span class=\"wpcf7-form-control-wrap\" data-name=\"your-name\"><input size=\"40\" maxlength=\"400\" class=\"wpcf7-form-control wpcf7-text wpcf7-validates-as-required\" aria-required=\"true\" aria-invalid=\"false\" placeholder=\"Name\" value=\"\" type=\"text\" name=\"your-name\" \/><\/span><br \/>\n<label for=\"email\" class=\"sr-only control-label\">E-mail*<\/label><span class=\"wpcf7-form-control-wrap\" data-name=\"your-email\"><input size=\"40\" maxlength=\"400\" class=\"wpcf7-form-control wpcf7-email wpcf7-validates-as-required wpcf7-text wpcf7-validates-as-email\" aria-required=\"true\" aria-invalid=\"false\" placeholder=\"E-mail\" value=\"\" type=\"email\" name=\"your-email\" \/><\/span><br \/>\n<label for=\"phone\" class=\"sr-only control-label\">Telefonnummer<\/label><span class=\"wpcf7-form-control-wrap\" data-name=\"your-phone\"><input size=\"40\" maxlength=\"400\" class=\"wpcf7-form-control wpcf7-text wpcf7-validates-as-required\" aria-required=\"true\" aria-invalid=\"false\" placeholder=\"Telefonnummer\" value=\"\" type=\"text\" name=\"your-phone\" \/><\/span><br \/>\n<label for=\"message\" class=\"sr-only control-label\">Nachricht<\/label><span class=\"wpcf7-form-control-wrap\" data-name=\"your-message\"><textarea cols=\"40\" rows=\"10\" maxlength=\"2000\" class=\"wpcf7-form-control wpcf7-textarea\" aria-invalid=\"false\" placeholder=\"Nachricht\" name=\"your-message\"><\/textarea><\/span>\n<\/p>\n<p>Datei hochladen (z. B. Firmenpr\u00e4sentation, Bilanz, Gewinn- und Verlustrechnung)<br \/>\n<label for=\"file\" class=\"sr-only control-label\">Datei hochladen<\/label><span class=\"wpcf7-form-control-wrap\" data-name=\"upload-file-457\"><input size=\"40\" class=\"wpcf7-form-control wpcf7-drag-n-drop-file d-none\" aria-invalid=\"false\" type=\"file\" multiple=\"multiple\" data-name=\"upload-file-457\" data-type=\"pdf|docx|xlsx\" data-max=\"4\" data-id=\"160\" data-version=\"free version 1.3.9.6\" accept=\".pdf, .docx, .xlsx\" \/><\/span><br \/>\n<span class=\"wpcf7-form-control-wrap\" data-name=\"checkbox-296\"><span class=\"wpcf7-form-control wpcf7-checkbox wpcf7-validates-as-required\"><span class=\"wpcf7-list-item first last\"><input type=\"checkbox\" name=\"checkbox-296[]\" value=\"Ich akzeptiere die Datenschutzerkl\u00e4rung.\" \/><span class=\"wpcf7-list-item-label\">Ich akzeptiere die Datenschutzerkl\u00e4rung.<\/span><\/span><\/span><\/span>\n<\/p>\n<p><input class=\"wpcf7-form-control wpcf7-submit has-spinner\" type=\"submit\" value=\"Senden\" \/>\n<\/p><div class=\"wpcf7-response-output\" aria-hidden=\"true\"><\/div>\n<\/form>\n<\/div>\n[\/vc_column_inner][vc_column_inner offset=&#8220;vc_col-lg-offset-2 vc_col-lg-5 vc_col-md-offset-0 vc_col-md-6 vc_col-xs-12&#8243;]<div class=\"promo-block  \">\r\n            \t<h3>Anleitung zum Ausf\u00fcllen<\/h3>\r\n            \t<p><\/p>\r\n              <\/div>[vc_column_text]<\/p>\n<ul>\n<li>Geben Sie so viele Daten wie m\u00f6glich ein!<\/li>\n<li>Beschreiben Sie m\u00f6glichst detailliert den Zweck, zu dem Sie uns besuchen!<\/li>\n<li>Laden Sie m\u00f6glichst viele Dateien zu Ihrem Unternehmen hoch (z. B. Firmenpr\u00e4sentation, Bilanz, Bericht etc.)!<\/li>\n<li>Sie k\u00f6nnen maximal 4 Dateien hochladen.<\/li>\n<li>Zul\u00e4ssige Dateiformate: pdf|docx|xlsx<\/li>\n<\/ul>\n<p>[\/vc_column_text][\/vc_column_inner][\/vc_row_inner][\/vc_column][\/vc_row][vc_row css=&#8220;.vc_custom_1554733792025{padding-top: 105px !important;padding-bottom: 140px !important;}&#8220;][vc_column][\/vc_column][\/vc_row][vc_row full_width=&#8220;stretch_row&#8220; css_animation=&#8220;fadeIn&#8220; css=&#8220;.vc_custom_1484750757959{margin-bottom: -50px !important;padding-top: 45px !important;padding-bottom: 80px !important;background-color: #e8e8e8 !important;}&#8220;][vc_column][vc_row_inner][vc_column_inner width=&#8220;5\/6&#8243;][vc_column_text]<\/p>\n<h3 class=\"no-pad\">Ihr Projekt ist unsere Arbeit<\/h3>\n<p>[\/vc_column_text][\/vc_column_inner][vc_column_inner el_class=&#8220;text-right&#8220; width=&#8220;1\/6&#8243;]<a class=\"universal_vc_button\" data-title-color-hover=\"#ffffff\" data-bg-color-hover=\"#0044b2\" data-border-c-hover=\"\"  href=\"\/#contact\" target=\"_self\" style=\"display:inline-block; font-size:12px; line-heigth:12px; color:#ffffff; background-color:#0061a6; padding:7px 12px; margin:; border-width:0px; border-style:solid; border-color:; border-radius:0\">Contact<\/a>[\/vc_column_inner][\/vc_row_inner][\/vc_column][\/vc_row]<\/p>\n<\/div>","protected":false},"excerpt":{"rendered":"<p>[vc_row full_width=&#8220;stretch_row_content_no_spaces&#8220;][vc_column el_class=&#8220;top-section-texts&#8220;][\/vc_column][\/vc_row][vc_row css=&#8220;.vc_custom_1554733792025{padding-top: 105px !important;padding-bottom: 140px !important;}&#8220;][vc_column][vc_row_inner css=&#8220;.vc_custom_1479804800604{margin-top: 50px !important;}&#8220;][vc_column_inner offset=&#8220;vc_col-lg-5 vc_col-md-6 vc_col-xs-12&#8243;][\/vc_column_inner][vc_column_inner offset=&#8220;vc_col-lg-offset-2 vc_col-lg-5 vc_col-md-offset-0 vc_col-md-6 vc_col-xs-12&#8243;][vc_column_text] Geben Sie so viele Daten wie m\u00f6glich ein! Beschreiben Sie m\u00f6glichst detailliert den Zweck, zu dem Sie uns besuchen! Laden Sie m\u00f6glichst viele Dateien zu Ihrem Unternehmen hoch (z. B. Firmenpr\u00e4sentation, Bilanz, Bericht etc.)! Sie k\u00f6nnen&#8230;<\/p>\n","protected":false},"author":1,"featured_media":0,"parent":0,"menu_order":0,"comment_status":"closed","ping_status":"closed","template":"homepage.php","meta":{"footnotes":""},"class_list":["post-127","page","type-page","status-publish","hentry"],"yoast_head":"<!-- This site is optimized with the Yoast SEO plugin v27.4 - https:\/\/yoast.com\/product\/yoast-seo-wordpress\/ -->\n<title>Angebotsanfrage - Arbexal<\/title>\n<meta name=\"robots\" content=\"index, follow, max-snippet:-1, max-image-preview:large, max-video-preview:-1\" \/>\n<link rel=\"canonical\" href=\"https:\/\/arbexal.com\/de\/price-offer-request\/\" \/>\n<meta property=\"og:locale\" content=\"de_DE\" \/>\n<meta property=\"og:type\" content=\"article\" \/>\n<meta property=\"og:title\" content=\"Angebotsanfrage - Arbexal\" \/>\n<meta property=\"og:description\" content=\"[vc_row full_width=&#8220;stretch_row_content_no_spaces&#8220;][vc_column el_class=&#8220;top-section-texts&#8220;][\/vc_column][\/vc_row][vc_row css=&#8220;.vc_custom_1554733792025{padding-top: 105px !important;padding-bottom: 140px !important;}&#8220;][vc_column][vc_row_inner css=&#8220;.vc_custom_1479804800604{margin-top: 50px !important;}&#8220;][vc_column_inner offset=&#8220;vc_col-lg-5 vc_col-md-6 vc_col-xs-12&#8243;][\/vc_column_inner][vc_column_inner offset=&#8220;vc_col-lg-offset-2 vc_col-lg-5 vc_col-md-offset-0 vc_col-md-6 vc_col-xs-12&#8243;][vc_column_text] Geben Sie so viele Daten wie m\u00f6glich ein! Beschreiben Sie m\u00f6glichst detailliert den Zweck, zu dem Sie uns besuchen! Laden Sie m\u00f6glichst viele Dateien zu Ihrem Unternehmen hoch (z. B. Firmenpr\u00e4sentation, Bilanz, Bericht etc.)! Sie k\u00f6nnen...\" \/>\n<meta property=\"og:url\" content=\"https:\/\/arbexal.com\/de\/price-offer-request\/\" \/>\n<meta property=\"og:site_name\" content=\"Arbexal\" \/>\n<meta property=\"article:modified_time\" content=\"2024-10-04T13:22:24+00:00\" \/>\n<meta name=\"twitter:card\" content=\"summary_large_image\" \/>\n<meta name=\"twitter:label1\" content=\"Gesch\u00e4tzte Lesezeit\" \/>\n\t<meta name=\"twitter:data1\" content=\"2\u00a0Minuten\" \/>\n<script type=\"application\/ld+json\" class=\"yoast-schema-graph\">{\"@context\":\"https:\\\/\\\/schema.org\",\"@graph\":[{\"@type\":\"WebPage\",\"@id\":\"https:\\\/\\\/arbexal.com\\\/de\\\/price-offer-request\\\/\",\"url\":\"https:\\\/\\\/arbexal.com\\\/de\\\/price-offer-request\\\/\",\"name\":\"Angebotsanfrage - Arbexal\",\"isPartOf\":{\"@id\":\"https:\\\/\\\/arbexal.com\\\/de\\\/#website\"},\"datePublished\":\"2024-01-12T21:12:46+00:00\",\"dateModified\":\"2024-10-04T13:22:24+00:00\",\"breadcrumb\":{\"@id\":\"https:\\\/\\\/arbexal.com\\\/de\\\/price-offer-request\\\/#breadcrumb\"},\"inLanguage\":\"de\",\"potentialAction\":[{\"@type\":\"ReadAction\",\"target\":[[\"https:\\\/\\\/arbexal.com\\\/de\\\/price-offer-request\\\/\"]]}]},{\"@type\":\"BreadcrumbList\",\"@id\":\"https:\\\/\\\/arbexal.com\\\/de\\\/price-offer-request\\\/#breadcrumb\",\"itemListElement\":[{\"@type\":\"ListItem\",\"position\":1,\"name\":\"Home\",\"item\":\"https:\\\/\\\/arbexal.com\\\/de\\\/\"},{\"@type\":\"ListItem\",\"position\":2,\"name\":\"Price offer request\"}]},{\"@type\":\"WebSite\",\"@id\":\"https:\\\/\\\/arbexal.com\\\/de\\\/#website\",\"url\":\"https:\\\/\\\/arbexal.com\\\/de\\\/\",\"name\":\"Arbexal\",\"description\":\"Project Management\",\"potentialAction\":[{\"@type\":\"SearchAction\",\"target\":{\"@type\":\"EntryPoint\",\"urlTemplate\":\"https:\\\/\\\/arbexal.com\\\/de\\\/?s={search_term_string}\"},\"query-input\":{\"@type\":\"PropertyValueSpecification\",\"valueRequired\":true,\"valueName\":\"search_term_string\"}}],\"inLanguage\":\"de\"}]}<\/script>\n<!-- \/ Yoast SEO plugin. -->","yoast_head_json":{"title":"Angebotsanfrage - Arbexal","robots":{"index":"index","follow":"follow","max-snippet":"max-snippet:-1","max-image-preview":"max-image-preview:large","max-video-preview":"max-video-preview:-1"},"canonical":"https:\/\/arbexal.com\/de\/price-offer-request\/","og_locale":"de_DE","og_type":"article","og_title":"Angebotsanfrage - Arbexal","og_description":"[vc_row full_width=&#8220;stretch_row_content_no_spaces&#8220;][vc_column el_class=&#8220;top-section-texts&#8220;][\/vc_column][\/vc_row][vc_row css=&#8220;.vc_custom_1554733792025{padding-top: 105px !important;padding-bottom: 140px !important;}&#8220;][vc_column][vc_row_inner css=&#8220;.vc_custom_1479804800604{margin-top: 50px !important;}&#8220;][vc_column_inner offset=&#8220;vc_col-lg-5 vc_col-md-6 vc_col-xs-12&#8243;][\/vc_column_inner][vc_column_inner offset=&#8220;vc_col-lg-offset-2 vc_col-lg-5 vc_col-md-offset-0 vc_col-md-6 vc_col-xs-12&#8243;][vc_column_text] Geben Sie so viele Daten wie m\u00f6glich ein! Beschreiben Sie m\u00f6glichst detailliert den Zweck, zu dem Sie uns besuchen! Laden Sie m\u00f6glichst viele Dateien zu Ihrem Unternehmen hoch (z. B. Firmenpr\u00e4sentation, Bilanz, Bericht etc.)! Sie k\u00f6nnen...","og_url":"https:\/\/arbexal.com\/de\/price-offer-request\/","og_site_name":"Arbexal","article_modified_time":"2024-10-04T13:22:24+00:00","twitter_card":"summary_large_image","twitter_misc":{"Gesch\u00e4tzte Lesezeit":"2\u00a0Minuten"},"schema":{"@context":"https:\/\/schema.org","@graph":[{"@type":"WebPage","@id":"https:\/\/arbexal.com\/de\/price-offer-request\/","url":"https:\/\/arbexal.com\/de\/price-offer-request\/","name":"Angebotsanfrage - Arbexal","isPartOf":{"@id":"https:\/\/arbexal.com\/de\/#website"},"datePublished":"2024-01-12T21:12:46+00:00","dateModified":"2024-10-04T13:22:24+00:00","breadcrumb":{"@id":"https:\/\/arbexal.com\/de\/price-offer-request\/#breadcrumb"},"inLanguage":"de","potentialAction":[{"@type":"ReadAction","target":[["https:\/\/arbexal.com\/de\/price-offer-request\/"]]}]},{"@type":"BreadcrumbList","@id":"https:\/\/arbexal.com\/de\/price-offer-request\/#breadcrumb","itemListElement":[{"@type":"ListItem","position":1,"name":"Home","item":"https:\/\/arbexal.com\/de\/"},{"@type":"ListItem","position":2,"name":"Price offer request"}]},{"@type":"WebSite","@id":"https:\/\/arbexal.com\/de\/#website","url":"https:\/\/arbexal.com\/de\/","name":"Arbexal","description":"Project Management","potentialAction":[{"@type":"SearchAction","target":{"@type":"EntryPoint","urlTemplate":"https:\/\/arbexal.com\/de\/?s={search_term_string}"},"query-input":{"@type":"PropertyValueSpecification","valueRequired":true,"valueName":"search_term_string"}}],"inLanguage":"de"}]}},"_links":{"self":[{"href":"https:\/\/arbexal.com\/de\/wp-json\/wp\/v2\/pages\/127","targetHints":{"allow":["GET"]}}],"collection":[{"href":"https:\/\/arbexal.com\/de\/wp-json\/wp\/v2\/pages"}],"about":[{"href":"https:\/\/arbexal.com\/de\/wp-json\/wp\/v2\/types\/page"}],"author":[{"embeddable":true,"href":"https:\/\/arbexal.com\/de\/wp-json\/wp\/v2\/users\/1"}],"replies":[{"embeddable":true,"href":"https:\/\/arbexal.com\/de\/wp-json\/wp\/v2\/comments?post=127"}],"version-history":[{"count":0,"href":"https:\/\/arbexal.com\/de\/wp-json\/wp\/v2\/pages\/127\/revisions"}],"wp:attachment":[{"href":"https:\/\/arbexal.com\/de\/wp-json\/wp\/v2\/media?parent=127"}],"curies":[{"name":"wp","href":"https:\/\/api.w.org\/{rel}","templated":true}]}}