{"id":262,"date":"2024-01-17T10:14:13","date_gmt":"2024-01-17T10:14:13","guid":{"rendered":"https:\/\/www.arbexal.com\/?page_id=262"},"modified":"2024-01-17T14:03:14","modified_gmt":"2024-01-17T14:03:14","slug":"pharma-industry-projects","status":"publish","type":"page","link":"https:\/\/arbexal.com\/de\/pharma-industry-projects\/","title":{"rendered":"Projekte in der Pharmaindustrie"},"content":{"rendered":"<div class=\"wpb-content-wrapper\"><p>[vc_row full_width=\u201cstretch_row_content_no_spaces\u201c el_class=\u201cservices-top\u201c][vc_column el_class=\u201ctop-section-texts\u201c]<div data-background=\"https:\/\/arbexal.com\/wp-content\/uploads\/2024\/01\/pharmaceutical_projects.jpg\" class=\"intro full\"><div class=\"intro-body\"><div class=\"container\"><div class=\"row\"><div class=\"col-md-6 col-md-offset-3\"><h1 style=\"font-size: ; font-family: Raleway; line-height: ;\" class=\"\">Projekte in der Pharmaindustrie<\/h1><h4 style=\"font-family: ;\" class=\"\">Wir \u00fcbernehmen komplexe Projektmanagement-Dienstleistungen f\u00fcr pharmazeutische Unternehmen.<\/h4><\/div><\/div><\/div><\/div><\/div><script>\r\njQuery.noConflict()(function($){\r\n\"use strict\";\r\n\r\n        var introHeader = $(\".intro\"),\r\n            intro = $(\".intro\");\r\n\r\n        buildModuleHeader(introHeader);\r\n\r\n        $(window).resize(function() {\r\n            var width = Math.max($(window).width(), window.innerWidth);\r\n            buildModuleHeader(introHeader);\r\n        });\r\n\r\n        $(window).scroll(function() {\r\n            effectsModuleHeader(introHeader, this);\r\n        });\r\n\r\n        intro.each(function(i) {\r\n            if ($(this).attr(\"data-background\")) {\r\n                $(this).css(\"background-image\", \"url(\" + $(this).attr(\"data-background\") + \")\");\r\n            }\r\n        });\r\n\r\n\r\n        function buildModuleHeader(introHeader) {\r\n        };\r\n        function effectsModuleHeader(introHeader, scrollTopp) {\r\n            if (introHeader.length > 0) {\r\n                var homeSHeight = introHeader.height();\r\n                var topScroll = $(document).scrollTop();\r\n                if ((introHeader.hasClass(\"intro\")) && ($(scrollTopp).scrollTop() <= homeSHeight)) {\r\n                    introHeader.css(\"top\", (topScroll * .4));\r\n                }\r\n                if (introHeader.hasClass(\"intro\") && ($(scrollTopp).scrollTop() <= homeSHeight)) {\r\n                    introHeader.css(\"opacity\", (1 - topScroll\/introHeader.height() * 1));\r\n                }\r\n            }\r\n        };\r\n});\r\n\t<\/script>[\/vc_column][\/vc_row][vc_row css=\u201c.vc_custom_1611095676281{padding-top: 80px !important;padding-bottom: 80px !important;}\u201c el_id=\u201cvalsagmenedzsment_1\u2033][vc_column][vc_row_inner][vc_column_inner offset=\u201cvc_col-lg-offset-0 vc_col-lg-6 vc_col-md-offset-0 vc_col-md-6 vc_col-sm-offset-0 vc_col-xs-12\u2033 css=\u201c.vc_custom_1556872384773{padding-right: 45px !important;}\u201c][vc_empty_space height=\u201c0px\u201c]<div class=\"promo-block  \">\r\n            \t<h3>Erweiterung des Produktportfolios<\/h3>\r\n            \t<p><\/p>\r\n              <\/div>[vc_column_text css=\u201c.vc_custom_1705499196132{margin-bottom: 0px !important;}\u201c]<\/p>\n<ul class=\"ulinside992\">\n<li>Suche nach den wettbewerbsf\u00e4higsten pharmazeutischen Produkten und Wirkstoffen auf dem internationalen Markt.<\/li>\n<li>Kontakt mit Vertriebsmitarbeitern und Managern potenzieller Kunden.<\/li>\n<li>Finalisierung des Gesch\u00e4ftsmodells und der finanziellen\/kommerziellen Bedingungen.<\/li>\n<li>Unterst\u00fctzung beim Vertragsabschluss.<\/li>\n<li>Weitere Tipps zur Gesch\u00e4ftsentwicklung<\/li>\n<\/ul>\n<p>[\/vc_column_text][\/vc_column_inner][vc_column_inner el_class=\u201cresp-marg-50\u2033 offset=\u201cvc_col-lg-offset-0 vc_col-lg-6 vc_col-md-offset-0 vc_col-md-6 vc_col-sm-offset-0 vc_col-xs-12\u2033][vc_single_image image=\u201c288\u2033 img_size=\u201cfull\u201c el_class=\u201chideimage992\u2033][\/vc_column_inner][\/vc_row_inner][\/vc_column][\/vc_row][vc_row full_width=\u201cstretch_row\u201c css=\u201c.vc_custom_1611096082864{padding-top: 80px !important;padding-bottom: 80px !important;background-color: #e8e8e8 !important;}\u201c el_id=\u201cpromocio\u201c][vc_column][vc_row_inner][vc_column_inner offset=\u201cvc_col-lg-offset-0 vc_col-lg-6 vc_col-md-offset-0 vc_col-md-6 vc_col-sm-offset-0 vc_col-xs-12\u2033][vc_single_image image=\u201c275\u2033 img_size=\u201cfull\u201c alignment=\u201cright\u201c el_class=\u201chideimage992\u2033][\/vc_column_inner][vc_column_inner el_class=\u201cresp-marg-50\u2033 offset=\u201cvc_col-lg-offset-1 vc_col-lg-5 vc_col-md-offset-0 vc_col-md-6 vc_col-sm-offset-0 vc_col-xs-12\u2033]<div class=\"promo-block  \">\r\n            \t<h3>Markteinf\u00fchrung pharmazeutischer Produkte<\/h3>\r\n            \t<p><\/p>\r\n              <\/div>[vc_column_text css=\u201c.vc_custom_1705499339117{margin-bottom: 0px !important;}\u201c]<\/p>\n<ul class=\"ulinside992\">\n<li>Koordination der notwendigen Personalressourcen (Grafikdesigner, Regulatoren, Logistiker, Vertriebsleiter)<\/li>\n<li>Verhandlung mit pharmazeutischen Gro\u00dfh\u00e4ndlern<\/li>\n<li>Unterst\u00fctzung bei der Suche nach dem besten Produktnamen, Markenrecherche<\/li>\n<li>\u00dcberpr\u00fcfung der Angemessenheit von Werbematerialien<\/li>\n<li>Andere professionelle Beratung<\/li>\n<\/ul>\n<p>[\/vc_column_text][\/vc_column_inner][\/vc_row_inner][\/vc_column][\/vc_row][vc_row css=\u201c.vc_custom_1611096356186{padding-top: 80px !important;padding-bottom: 80px !important;}\u201c el_id=\u201chelyi-kepviselet\u201c][vc_column][vc_row_inner][vc_column_inner offset=\u201cvc_col-lg-offset-0 vc_col-lg-6 vc_col-md-offset-0 vc_col-md-6 vc_col-sm-offset-0 vc_col-xs-12\u2033 css=\u201c.vc_custom_1556872353573{padding-right: 45px !important;}\u201c]<div class=\"promo-block  \">\r\n            \t<h3>Meldung von Nahrungserg\u00e4nzungsmitteln in Ungarn<\/h3>\r\n            \t<p><\/p>\r\n              <\/div>[vc_column_text css=\u201c.vc_custom_1705499552712{margin-bottom: 0px !important;}\u201c]<\/p>\n<ul class=\"ulinside992\">\n<li>Beratung zur Machbarkeit (Auswahl der richtigen Produktkategorie).<\/li>\n<li>Beratung zu anwendbaren gesundheitsbezogenen Angaben.<\/li>\n<li>Qualit\u00e4ts- und Quantifizierungskontrolle der Gesetzeskonformit\u00e4t von Wirk- und Hilfsstoffen.<\/li>\n<li>Erstellung und\/oder Qualit\u00e4tskontrolle des Etikettentextes (Verpackungspl\u00e4ne) in ungarischer Sprache.<\/li>\n<li>Qualit\u00e4tskontrolle der grafischen Umsetzung.<\/li>\n<li>Zusammenstellung des Dossiers, Hilfe bei der Identifizierung fehlender Dokumente.<\/li>\n<li>Anschreiben und Datenblatt ausf\u00fcllen.<\/li>\n<li>Kontaktpflege mit Ihnen, Beantwortung Ihrer Fragen.<\/li>\n<li>Unterst\u00fctzung bei der Einreichung von Unterlagen bei den Beh\u00f6rden.<\/li>\n<li>\u00dcbersetzungsaufgaben Englisch-Ungarisch und Ungarisch-Englisch im Zusammenhang mit dem oben Genannten.<\/li>\n<\/ul>\n<p>[\/vc_column_text][\/vc_column_inner][vc_column_inner el_class=\u201cresp-marg-50\u2033 offset=\u201cvc_col-lg-offset-0 vc_col-lg-6 vc_col-md-offset-0 vc_col-md-6 vc_col-sm-offset-0 vc_col-xs-12\u2033][vc_single_image image=\u201c290\u2033 img_size=\u201cfull\u201c el_class=\u201chideimage992\u2033][\/vc_column_inner][\/vc_row_inner][\/vc_column][\/vc_row][vc_row full_width=\u201cstretch_row\u201c css=\u201c.vc_custom_1611096799440{padding-top: 80px !important;padding-bottom: 80px !important;background-color: #e8e8e8 !important;}\u201c el_id=\u201cszoftver-fejlesztes\u201c][vc_column][vc_row_inner][vc_column_inner offset=\u201cvc_col-lg-offset-0 vc_col-lg-6 vc_col-md-offset-0 vc_col-md-6 vc_col-sm-offset-0 vc_col-xs-12\u2033][vc_single_image image=\u201c285\u2033 img_size=\u201cfull\u201c alignment=\u201cright\u201c el_class=\u201chideimage992\u2033][\/vc_column_inner][vc_column_inner el_class=\u201cresp-marg-50\u2033 offset=\u201cvc_col-lg-offset-1 vc_col-lg-5 vc_col-md-offset-0 vc_col-md-6 vc_col-sm-offset-0 vc_col-xs-12\u2033]<div class=\"promo-block  \">\r\n            \t<h3>Produktionsst\u00e4tte f\u00fcr Nahrungserg\u00e4nzungsmittel<\/h3>\r\n            \t<p><\/p>\r\n              <\/div>[vc_column_text css=\u201c.vc_custom_1705499593485{margin-bottom: 0px !important;}\u201c]Projektmanagementaufgaben im Zusammenhang mit dem Aufbau einer Produktionsst\u00e4tte f\u00fcr Nahrungserg\u00e4nzungsmittel in Ungarn, von der Planung bis zur Umsetzung.[\/vc_column_text][\/vc_column_inner][\/vc_row_inner][\/vc_column][\/vc_row][vc_row disable_element=\u201cyes\u201c css=\u201c.vc_custom_1611093491217{padding-top: 80px !important;padding-bottom: 80px !important;}\u201c el_id=\u201ctorzskonyvezes\u201c][vc_column][vc_row_inner][vc_column_inner offset=\u201cvc_col-lg-offset-0 vc_col-lg-6 vc_col-md-offset-0 vc_col-md-6 vc_col-sm-offset-0 vc_col-xs-12\u2033 css=\u201c.vc_custom_1556872337750{padding-right: 45px !important;}\u201c]<div class=\"promo-block  \">\r\n            \t<h3>T\u00f6rzsk\u00f6nyvez\u00e9s<\/h3>\r\n            \t<p><\/p>\r\n              <\/div>[vc_column_text css=\u201c.vc_custom_1557865586223{margin-bottom: 0px !important;}\u201c]Partnereink sz\u00e1m\u00e1ra v\u00e1llaljuk gy\u00f3gyszerek regisztr\u00e1ci\u00f3j\u00e1t, valamint speci\u00e1lis gy\u00f3gy\u00e1szati c\u00e9lra sz\u00e1nt \u00e9lelmiszerek \u00e9s \u00e9trendkieg\u00e9sz\u00edt\u0151k notifik\u00e1ci\u00f3j\u00e1t.<\/p>\n<h2 class=\"classic\"><b>Regisztr\u00e1ci\u00f3 \u00e9s notifik\u00e1ci\u00f3<\/b><\/h2>\n<p>[\/vc_column_text][\/vc_column_inner][vc_column_inner el_class=\u201cresp-marg-50\u2033 offset=\u201cvc_col-lg-offset-0 vc_col-lg-6 vc_col-md-offset-0 vc_col-md-6 vc_col-sm-offset-0 vc_col-xs-12\u2033][vc_single_image image=\u201c2104\u2033 img_size=\u201cfull\u201c][\/vc_column_inner][\/vc_row_inner][\/vc_column][\/vc_row][vc_row full_width=\u201cstretch_row\u201c disable_element=\u201cyes\u201c css=\u201c.vc_custom_1611093499750{padding-top: 80px !important;padding-bottom: 80px !important;background-color: #e8e8e8 !important;}\u201c el_id=\u201ckozos-projektek\u201c][vc_column][vc_row_inner][vc_column_inner offset=\u201cvc_col-lg-offset-0 vc_col-lg-6 vc_col-md-offset-0 vc_col-md-6 vc_col-sm-offset-0 vc_col-xs-12\u2033][vc_single_image image=\u201c2103\u2033 img_size=\u201cfull\u201c alignment=\u201cright\u201c][\/vc_column_inner][vc_column_inner el_class=\u201cresp-marg-50\u2033 offset=\u201cvc_col-lg-offset-1 vc_col-lg-5 vc_col-md-offset-0 vc_col-md-6 vc_col-sm-offset-0 vc_col-xs-12\u2033][vc_empty_space height=\u201c40px\u201c]<div class=\"promo-block  \">\r\n            \t<h3>K\u00f6z\u00f6s projektek<\/h3>\r\n            \t<p><\/p>\r\n              <\/div>[vc_column_text css=\u201c.vc_custom_1556636605015{margin-bottom: 0px !important;}\u201c]Ha b\u00e1rmilyen \u00f6tlete van a gy\u00f3gyszeriparhoz vagy term\u00e9kekhez kapcsol\u00f3d\u00f3an, akkor l\u00e9pjen vel\u00fcnk kapcsolatba! Javasolni fogunk egy kedvez\u0151 \u00fczleti modellt az egy\u00fcttm\u0171k\u00f6d\u00e9shez!<\/p>\n<h2 class=\"classic\"><b>Kedvez\u0151 \u00fczleti modell<\/b><\/h2>\n<p>[\/vc_column_text][\/vc_column_inner][\/vc_row_inner][\/vc_column][\/vc_row][vc_row][vc_column][vc_column_text]<\/p>\n<p>[\/vc_column_text][\/vc_column][\/vc_row]<\/p>\n<\/div>","protected":false},"excerpt":{"rendered":"<p>[vc_row full_width=\u201cstretch_row_content_no_spaces\u201c el_class=\u201cservices-top\u201c][vc_column el_class=\u201ctop-section-texts\u201c][\/vc_column][\/vc_row][vc_row css=\u201c.vc_custom_1611095676281{padding-top: 80px !important;padding-bottom: 80px !important;}\u201c el_id=\u201cvalsagmenedzsment_1\u2033][vc_column][vc_row_inner][vc_column_inner offset=\u201cvc_col-lg-offset-0 vc_col-lg-6 vc_col-md-offset-0 vc_col-md-6 vc_col-sm-offset-0 vc_col-xs-12\u2033 css=\u201c.vc_custom_1556872384773{padding-right: 45px !important;}\u201c][vc_empty_space height=\u201c0px\u201c][vc_column_text css=\u201c.vc_custom_1705499196132{margin-bottom: 0px !important;}\u201c] Suche nach den wettbewerbsf\u00e4higsten pharmazeutischen Produkten und Wirkstoffen auf dem internationalen Markt. Kontakt mit Vertriebsmitarbeitern und Managern potenzieller Kunden. Finalisierung des Gesch\u00e4ftsmodells und der finanziellen\/kommerziellen Bedingungen. Unterst\u00fctzung beim Vertragsabschluss. Weitere Tipps zur&#8230;<\/p>\n","protected":false},"author":1,"featured_media":0,"parent":0,"menu_order":0,"comment_status":"closed","ping_status":"closed","template":"homepage.php","meta":{"footnotes":""},"class_list":["post-262","page","type-page","status-publish","hentry"],"yoast_head":"<!-- This site is optimized with the Yoast SEO plugin v27.5 - https:\/\/yoast.com\/product\/yoast-seo-wordpress\/ -->\n<title>Projekte in der Pharmaindustrie - Arbexal<\/title>\n<meta name=\"robots\" content=\"index, follow, max-snippet:-1, max-image-preview:large, max-video-preview:-1\" \/>\n<link rel=\"canonical\" href=\"https:\/\/arbexal.com\/de\/pharma-industry-projects\/\" \/>\n<meta property=\"og:locale\" content=\"de_DE\" \/>\n<meta property=\"og:type\" content=\"article\" \/>\n<meta property=\"og:title\" content=\"Projekte in der Pharmaindustrie - Arbexal\" \/>\n<meta property=\"og:description\" content=\"[vc_row full_width=\u201cstretch_row_content_no_spaces\u201c el_class=\u201cservices-top\u201c][vc_column el_class=\u201ctop-section-texts\u201c][\/vc_column][\/vc_row][vc_row css=\u201c.vc_custom_1611095676281{padding-top: 80px !important;padding-bottom: 80px !important;}\u201c el_id=\u201cvalsagmenedzsment_1\u2033][vc_column][vc_row_inner][vc_column_inner offset=\u201cvc_col-lg-offset-0 vc_col-lg-6 vc_col-md-offset-0 vc_col-md-6 vc_col-sm-offset-0 vc_col-xs-12\u2033 css=\u201c.vc_custom_1556872384773{padding-right: 45px !important;}\u201c][vc_empty_space height=\u201c0px\u201c][vc_column_text css=\u201c.vc_custom_1705499196132{margin-bottom: 0px !important;}\u201c] Suche nach den wettbewerbsf\u00e4higsten pharmazeutischen Produkten und Wirkstoffen auf dem internationalen Markt. Kontakt mit Vertriebsmitarbeitern und Managern potenzieller Kunden. Finalisierung des Gesch\u00e4ftsmodells und der finanziellen\/kommerziellen Bedingungen. Unterst\u00fctzung beim Vertragsabschluss. Weitere Tipps zur...\" \/>\n<meta property=\"og:url\" content=\"https:\/\/arbexal.com\/de\/pharma-industry-projects\/\" \/>\n<meta property=\"og:site_name\" content=\"Arbexal\" \/>\n<meta property=\"article:modified_time\" content=\"2024-01-17T14:03:14+00:00\" \/>\n<meta name=\"twitter:card\" content=\"summary_large_image\" \/>\n<meta name=\"twitter:label1\" content=\"Gesch\u00e4tzte Lesezeit\" \/>\n\t<meta name=\"twitter:data1\" content=\"15\u00a0Minuten\" \/>\n<script type=\"application\/ld+json\" class=\"yoast-schema-graph\">{\"@context\":\"https:\\\/\\\/schema.org\",\"@graph\":[{\"@type\":\"WebPage\",\"@id\":\"https:\\\/\\\/arbexal.com\\\/de\\\/pharma-industry-projects\\\/\",\"url\":\"https:\\\/\\\/arbexal.com\\\/de\\\/pharma-industry-projects\\\/\",\"name\":\"Projekte in der Pharmaindustrie - Arbexal\",\"isPartOf\":{\"@id\":\"https:\\\/\\\/arbexal.com\\\/de\\\/#website\"},\"datePublished\":\"2024-01-17T10:14:13+00:00\",\"dateModified\":\"2024-01-17T14:03:14+00:00\",\"breadcrumb\":{\"@id\":\"https:\\\/\\\/arbexal.com\\\/de\\\/pharma-industry-projects\\\/#breadcrumb\"},\"inLanguage\":\"de\",\"potentialAction\":[{\"@type\":\"ReadAction\",\"target\":[[\"https:\\\/\\\/arbexal.com\\\/de\\\/pharma-industry-projects\\\/\"]]}]},{\"@type\":\"BreadcrumbList\",\"@id\":\"https:\\\/\\\/arbexal.com\\\/de\\\/pharma-industry-projects\\\/#breadcrumb\",\"itemListElement\":[{\"@type\":\"ListItem\",\"position\":1,\"name\":\"Home\",\"item\":\"https:\\\/\\\/arbexal.com\\\/de\\\/\"},{\"@type\":\"ListItem\",\"position\":2,\"name\":\"Pharma industry projects\"}]},{\"@type\":\"WebSite\",\"@id\":\"https:\\\/\\\/arbexal.com\\\/de\\\/#website\",\"url\":\"https:\\\/\\\/arbexal.com\\\/de\\\/\",\"name\":\"Arbexal\",\"description\":\"Project Management\",\"potentialAction\":[{\"@type\":\"SearchAction\",\"target\":{\"@type\":\"EntryPoint\",\"urlTemplate\":\"https:\\\/\\\/arbexal.com\\\/de\\\/?s={search_term_string}\"},\"query-input\":{\"@type\":\"PropertyValueSpecification\",\"valueRequired\":true,\"valueName\":\"search_term_string\"}}],\"inLanguage\":\"de\"}]}<\/script>\n<!-- \/ Yoast SEO plugin. -->","yoast_head_json":{"title":"Projekte in der Pharmaindustrie - Arbexal","robots":{"index":"index","follow":"follow","max-snippet":"max-snippet:-1","max-image-preview":"max-image-preview:large","max-video-preview":"max-video-preview:-1"},"canonical":"https:\/\/arbexal.com\/de\/pharma-industry-projects\/","og_locale":"de_DE","og_type":"article","og_title":"Projekte in der Pharmaindustrie - Arbexal","og_description":"[vc_row full_width=\u201cstretch_row_content_no_spaces\u201c el_class=\u201cservices-top\u201c][vc_column el_class=\u201ctop-section-texts\u201c][\/vc_column][\/vc_row][vc_row css=\u201c.vc_custom_1611095676281{padding-top: 80px !important;padding-bottom: 80px !important;}\u201c el_id=\u201cvalsagmenedzsment_1\u2033][vc_column][vc_row_inner][vc_column_inner offset=\u201cvc_col-lg-offset-0 vc_col-lg-6 vc_col-md-offset-0 vc_col-md-6 vc_col-sm-offset-0 vc_col-xs-12\u2033 css=\u201c.vc_custom_1556872384773{padding-right: 45px !important;}\u201c][vc_empty_space height=\u201c0px\u201c][vc_column_text css=\u201c.vc_custom_1705499196132{margin-bottom: 0px !important;}\u201c] Suche nach den wettbewerbsf\u00e4higsten pharmazeutischen Produkten und Wirkstoffen auf dem internationalen Markt. Kontakt mit Vertriebsmitarbeitern und Managern potenzieller Kunden. Finalisierung des Gesch\u00e4ftsmodells und der finanziellen\/kommerziellen Bedingungen. Unterst\u00fctzung beim Vertragsabschluss. Weitere Tipps zur...","og_url":"https:\/\/arbexal.com\/de\/pharma-industry-projects\/","og_site_name":"Arbexal","article_modified_time":"2024-01-17T14:03:14+00:00","twitter_card":"summary_large_image","twitter_misc":{"Gesch\u00e4tzte Lesezeit":"15\u00a0Minuten"},"schema":{"@context":"https:\/\/schema.org","@graph":[{"@type":"WebPage","@id":"https:\/\/arbexal.com\/de\/pharma-industry-projects\/","url":"https:\/\/arbexal.com\/de\/pharma-industry-projects\/","name":"Projekte in der Pharmaindustrie - Arbexal","isPartOf":{"@id":"https:\/\/arbexal.com\/de\/#website"},"datePublished":"2024-01-17T10:14:13+00:00","dateModified":"2024-01-17T14:03:14+00:00","breadcrumb":{"@id":"https:\/\/arbexal.com\/de\/pharma-industry-projects\/#breadcrumb"},"inLanguage":"de","potentialAction":[{"@type":"ReadAction","target":[["https:\/\/arbexal.com\/de\/pharma-industry-projects\/"]]}]},{"@type":"BreadcrumbList","@id":"https:\/\/arbexal.com\/de\/pharma-industry-projects\/#breadcrumb","itemListElement":[{"@type":"ListItem","position":1,"name":"Home","item":"https:\/\/arbexal.com\/de\/"},{"@type":"ListItem","position":2,"name":"Pharma industry projects"}]},{"@type":"WebSite","@id":"https:\/\/arbexal.com\/de\/#website","url":"https:\/\/arbexal.com\/de\/","name":"Arbexal","description":"Project Management","potentialAction":[{"@type":"SearchAction","target":{"@type":"EntryPoint","urlTemplate":"https:\/\/arbexal.com\/de\/?s={search_term_string}"},"query-input":{"@type":"PropertyValueSpecification","valueRequired":true,"valueName":"search_term_string"}}],"inLanguage":"de"}]}},"_links":{"self":[{"href":"https:\/\/arbexal.com\/de\/wp-json\/wp\/v2\/pages\/262","targetHints":{"allow":["GET"]}}],"collection":[{"href":"https:\/\/arbexal.com\/de\/wp-json\/wp\/v2\/pages"}],"about":[{"href":"https:\/\/arbexal.com\/de\/wp-json\/wp\/v2\/types\/page"}],"author":[{"embeddable":true,"href":"https:\/\/arbexal.com\/de\/wp-json\/wp\/v2\/users\/1"}],"replies":[{"embeddable":true,"href":"https:\/\/arbexal.com\/de\/wp-json\/wp\/v2\/comments?post=262"}],"version-history":[{"count":0,"href":"https:\/\/arbexal.com\/de\/wp-json\/wp\/v2\/pages\/262\/revisions"}],"wp:attachment":[{"href":"https:\/\/arbexal.com\/de\/wp-json\/wp\/v2\/media?parent=262"}],"curies":[{"name":"wp","href":"https:\/\/api.w.org\/{rel}","templated":true}]}}