{"id":300,"date":"2024-01-17T14:09:49","date_gmt":"2024-01-17T14:09:49","guid":{"rendered":"https:\/\/www.arbexal.com\/?page_id=300"},"modified":"2024-01-17T20:26:25","modified_gmt":"2024-01-17T20:26:25","slug":"commercial-projects","status":"publish","type":"page","link":"https:\/\/arbexal.com\/de\/commercial-projects\/","title":{"rendered":"Kommerzielle Projekte"},"content":{"rendered":"<div class=\"wpb-content-wrapper\"><p>[vc_row full_width=\u201cstretch_row_content_no_spaces\u201c el_class=\u201cservices-top\u201c][vc_column el_class=\u201ctop-section-texts\u201c]<div data-background=\"https:\/\/arbexal.com\/wp-content\/uploads\/2024\/01\/commerce_4.jpg\" class=\"intro full\"><div class=\"intro-body\"><div class=\"container\"><div class=\"row\"><div class=\"col-md-6 col-md-offset-3\"><h1 style=\"font-size: ; font-family: Raleway; line-height: ;\" class=\"\">Kommerzielle Projekte<\/h1><h4 style=\"font-family: ;\" class=\"\">Wir \u00fcbernehmen komplexe Projektmanagement-Dienstleistungen f\u00fcr Unternehmen, die ihr Produktportfolio erweitern, ein neues Produkt auf den Markt bringen oder ihren Kundenstamm erweitern m\u00f6chten.<\/h4><\/div><\/div><\/div><\/div><\/div><script>\r\njQuery.noConflict()(function($){\r\n\"use strict\";\r\n\r\n        var introHeader = $(\".intro\"),\r\n            intro = $(\".intro\");\r\n\r\n        buildModuleHeader(introHeader);\r\n\r\n        $(window).resize(function() {\r\n            var width = Math.max($(window).width(), window.innerWidth);\r\n            buildModuleHeader(introHeader);\r\n        });\r\n\r\n        $(window).scroll(function() {\r\n            effectsModuleHeader(introHeader, this);\r\n        });\r\n\r\n        intro.each(function(i) {\r\n            if ($(this).attr(\"data-background\")) {\r\n                $(this).css(\"background-image\", \"url(\" + $(this).attr(\"data-background\") + \")\");\r\n            }\r\n        });\r\n\r\n\r\n        function buildModuleHeader(introHeader) {\r\n        };\r\n        function effectsModuleHeader(introHeader, scrollTopp) {\r\n            if (introHeader.length > 0) {\r\n                var homeSHeight = introHeader.height();\r\n                var topScroll = $(document).scrollTop();\r\n                if ((introHeader.hasClass(\"intro\")) && ($(scrollTopp).scrollTop() <= homeSHeight)) {\r\n                    introHeader.css(\"top\", (topScroll * .4));\r\n                }\r\n                if (introHeader.hasClass(\"intro\") && ($(scrollTopp).scrollTop() <= homeSHeight)) {\r\n                    introHeader.css(\"opacity\", (1 - topScroll\/introHeader.height() * 1));\r\n                }\r\n            }\r\n        };\r\n});\r\n\t<\/script>[\/vc_column][\/vc_row][vc_row css=\u201c.vc_custom_1705519257162{padding-top: 80px !important;padding-bottom: 80px !important;}\u201c el_id=\u201cproduct_portfolio\u201c][vc_column][vc_row_inner][vc_column_inner offset=\u201cvc_col-lg-offset-0 vc_col-lg-6 vc_col-md-offset-0 vc_col-md-6 vc_col-sm-offset-0 vc_col-xs-12\u2033 css=\u201c.vc_custom_1556872384773{padding-right: 45px !important;}\u201c][vc_empty_space height=\u201c0px\u201c]<div class=\"promo-block  \">\r\n            \t<h3>Erweiterung des Produktportfolios<\/h3>\r\n            \t<p><\/p>\r\n              <\/div>[vc_column_text css=\u201c.vc_custom_1705521665533{margin-bottom: 0px !important;}\u201c]<\/p>\n<ul class=\"ulinside992\">\n<li>Suche nach den wettbewerbsf\u00e4higsten Produkten auf dem internationalen Markt.<\/li>\n<li>Kontakt mit Vertriebsmitarbeitern und Managern potenzieller Kunden.<\/li>\n<li>Finalisierung des Gesch\u00e4ftsmodells und der finanziellen\/kommerziellen Bedingungen.<\/li>\n<li>Unterst\u00fctzung beim Vertragsabschluss.<\/li>\n<li>Weitere Tipps zur Gesch\u00e4ftsentwicklung<\/li>\n<\/ul>\n<p>[\/vc_column_text][\/vc_column_inner][vc_column_inner el_class=\u201cresp-marg-50\u2033 offset=\u201cvc_col-lg-offset-0 vc_col-lg-6 vc_col-md-offset-0 vc_col-md-6 vc_col-sm-offset-0 vc_col-xs-12\u2033][vc_single_image image=\u201c323\u2033 img_size=\u201cfull\u201c el_class=\u201chideimage992\u2033][\/vc_column_inner][\/vc_row_inner][\/vc_column][\/vc_row][vc_row full_width=\u201cstretch_row\u201c css=\u201c.vc_custom_1705519302495{padding-top: 80px !important;padding-bottom: 80px !important;background-color: #e8e8e8 !important;}\u201c el_id=\u201cmarket_launch\u201c][vc_column][vc_row_inner][vc_column_inner offset=\u201cvc_col-lg-offset-0 vc_col-lg-6 vc_col-md-offset-0 vc_col-md-6 vc_col-sm-offset-0 vc_col-xs-12\u2033][vc_single_image image=\u201c319\u2033 img_size=\u201cfull\u201c alignment=\u201cright\u201c el_class=\u201chideimage992\u2033][\/vc_column_inner][vc_column_inner el_class=\u201cresp-marg-50\u2033 offset=\u201cvc_col-lg-offset-1 vc_col-lg-5 vc_col-md-offset-0 vc_col-md-6 vc_col-sm-offset-0 vc_col-xs-12\u2033]<div class=\"promo-block  \">\r\n            \t<h3>Markteinf\u00fchrung von Produkten<\/h3>\r\n            \t<p><\/p>\r\n              <\/div>[vc_column_text css=\u201c.vc_custom_1705521926118{margin-bottom: 0px !important;}\u201c]<\/p>\n<ul class=\"ulinside992\">\n<li>Koordination der notwendigen Personalressourcen (Grafiker, Logistiker, Vertriebsleiter)<\/li>\n<li>Vorschlag des Gesch\u00e4ftsmodells, Erstellung eines Budgetplans<\/li>\n<li>Verhandlungen mit Gro\u00dfh\u00e4ndlern<\/li>\n<li>Unterst\u00fctzung bei der Suche nach dem besten Produktnamen, Markenrecherche<\/li>\n<li>\u00dcberpr\u00fcfung der Angemessenheit von Werbematerialien<\/li>\n<li>Andere professionelle Beratung<\/li>\n<\/ul>\n<p>[\/vc_column_text][\/vc_column_inner][\/vc_row_inner][\/vc_column][\/vc_row][vc_row disable_element=\u201cyes\u201c css=\u201c.vc_custom_1705519323905{padding-top: 80px !important;padding-bottom: 80px !important;}\u201c el_id=\u201chelyi-kepviselet\u201c][vc_column][vc_row_inner][vc_column_inner offset=\u201cvc_col-lg-offset-0 vc_col-lg-6 vc_col-md-offset-0 vc_col-md-6 vc_col-sm-offset-0 vc_col-xs-12\u2033 css=\u201c.vc_custom_1556872353573{padding-right: 45px !important;}\u201c]<div class=\"promo-block  \">\r\n            \t<h3>Dietary supplement notification in Hungary<\/h3>\r\n            \t<p><\/p>\r\n              <\/div>[vc_column_text css=\u201c.vc_custom_1705492348405{margin-bottom: 0px !important;}\u201c]<\/p>\n<ul class=\"ulinside992\">\n<li>Advice on feasibility (choosing the right product category).<\/li>\n<li>Advice on applicable health claims.<\/li>\n<li>Quality and quantity control of legal compliance of active ingredients and excipients.<\/li>\n<li>Preparation and\/or quality control of label text (packaging plans) in Hungarian language.<\/li>\n<li>Quality control of graphic implementation.<\/li>\n<li>Compilation of the dossier, help in identifying missing documents.<\/li>\n<li>Filling out a cover letter and data sheet.<\/li>\n<li>Maintaining contact with you, answering your questions.<\/li>\n<li>Assistance in submitting documentation to the authorities.<\/li>\n<li>English-Hungarian and Hungarian-English translation tasks related to the above.<\/li>\n<\/ul>\n<p>[\/vc_column_text][\/vc_column_inner][vc_column_inner el_class=\u201cresp-marg-50\u2033 offset=\u201cvc_col-lg-offset-0 vc_col-lg-6 vc_col-md-offset-0 vc_col-md-6 vc_col-sm-offset-0 vc_col-xs-12\u2033][vc_single_image img_size=\u201cfull\u201c el_class=\u201chideimage992\u2033][\/vc_column_inner][\/vc_row_inner][\/vc_column][\/vc_row][vc_row full_width=\u201cstretch_row\u201c disable_element=\u201cyes\u201c css=\u201c.vc_custom_1705519341444{padding-top: 80px !important;padding-bottom: 80px !important;background-color: #e8e8e8 !important;}\u201c el_id=\u201cszoftver-fejlesztes\u201c][vc_column][vc_row_inner][vc_column_inner offset=\u201cvc_col-lg-offset-0 vc_col-lg-6 vc_col-md-offset-0 vc_col-md-6 vc_col-sm-offset-0 vc_col-xs-12\u2033][vc_single_image img_size=\u201cfull\u201c alignment=\u201cright\u201c el_class=\u201chideimage992\u2033][\/vc_column_inner][vc_column_inner el_class=\u201cresp-marg-50\u2033 offset=\u201cvc_col-lg-offset-1 vc_col-lg-5 vc_col-md-offset-0 vc_col-md-6 vc_col-sm-offset-0 vc_col-xs-12\u2033]<div class=\"promo-block  \">\r\n            \t<h3>Dietary supplement manufacturing plant<\/h3>\r\n            \t<p><\/p>\r\n              <\/div>[vc_column_text css=\u201c.vc_custom_1705492900115{margin-bottom: 0px !important;}\u201c]Project management tasks related to the setup of a dietary supplement manufacturing plant in Hungary, from planning to implementation.[\/vc_column_text][\/vc_column_inner][\/vc_row_inner][\/vc_column][\/vc_row][vc_row disable_element=\u201cyes\u201c css=\u201c.vc_custom_1611093491217{padding-top: 80px !important;padding-bottom: 80px !important;}\u201c el_id=\u201ctorzskonyvezes\u201c][vc_column][vc_row_inner][vc_column_inner offset=\u201cvc_col-lg-offset-0 vc_col-lg-6 vc_col-md-offset-0 vc_col-md-6 vc_col-sm-offset-0 vc_col-xs-12\u2033 css=\u201c.vc_custom_1556872337750{padding-right: 45px !important;}\u201c]<div class=\"promo-block  \">\r\n            \t<h3>T\u00f6rzsk\u00f6nyvez\u00e9s<\/h3>\r\n            \t<p><\/p>\r\n              <\/div>[vc_column_text css=\u201c.vc_custom_1557865586223{margin-bottom: 0px !important;}\u201c]Partnereink sz\u00e1m\u00e1ra v\u00e1llaljuk gy\u00f3gyszerek regisztr\u00e1ci\u00f3j\u00e1t, valamint speci\u00e1lis gy\u00f3gy\u00e1szati c\u00e9lra sz\u00e1nt \u00e9lelmiszerek \u00e9s \u00e9trendkieg\u00e9sz\u00edt\u0151k notifik\u00e1ci\u00f3j\u00e1t.<\/p>\n<h2 class=\"classic\"><b>Regisztr\u00e1ci\u00f3 \u00e9s notifik\u00e1ci\u00f3<\/b><\/h2>\n<p>[\/vc_column_text][\/vc_column_inner][vc_column_inner el_class=\u201cresp-marg-50\u2033 offset=\u201cvc_col-lg-offset-0 vc_col-lg-6 vc_col-md-offset-0 vc_col-md-6 vc_col-sm-offset-0 vc_col-xs-12\u2033][vc_single_image image=\u201c2104\u2033 img_size=\u201cfull\u201c][\/vc_column_inner][\/vc_row_inner][\/vc_column][\/vc_row][vc_row full_width=\u201cstretch_row\u201c disable_element=\u201cyes\u201c css=\u201c.vc_custom_1611093499750{padding-top: 80px !important;padding-bottom: 80px !important;background-color: #e8e8e8 !important;}\u201c el_id=\u201ckozos-projektek\u201c][vc_column][vc_row_inner][vc_column_inner offset=\u201cvc_col-lg-offset-0 vc_col-lg-6 vc_col-md-offset-0 vc_col-md-6 vc_col-sm-offset-0 vc_col-xs-12\u2033][vc_single_image image=\u201c2103\u2033 img_size=\u201cfull\u201c alignment=\u201cright\u201c][\/vc_column_inner][vc_column_inner el_class=\u201cresp-marg-50\u2033 offset=\u201cvc_col-lg-offset-1 vc_col-lg-5 vc_col-md-offset-0 vc_col-md-6 vc_col-sm-offset-0 vc_col-xs-12\u2033][vc_empty_space height=\u201c40px\u201c]<div class=\"promo-block  \">\r\n            \t<h3>K\u00f6z\u00f6s projektek<\/h3>\r\n            \t<p><\/p>\r\n              <\/div>[vc_column_text css=\u201c.vc_custom_1556636605015{margin-bottom: 0px !important;}\u201c]Ha b\u00e1rmilyen \u00f6tlete van a gy\u00f3gyszeriparhoz vagy term\u00e9kekhez kapcsol\u00f3d\u00f3an, akkor l\u00e9pjen vel\u00fcnk kapcsolatba! Javasolni fogunk egy kedvez\u0151 \u00fczleti modellt az egy\u00fcttm\u0171k\u00f6d\u00e9shez!<\/p>\n<h2 class=\"classic\"><b>Kedvez\u0151 \u00fczleti modell<\/b><\/h2>\n<p>[\/vc_column_text][\/vc_column_inner][\/vc_row_inner][\/vc_column][\/vc_row][vc_row][vc_column][vc_column_text]<\/p>\n<p>[\/vc_column_text][\/vc_column][\/vc_row]<\/p>\n<\/div>","protected":false},"excerpt":{"rendered":"<p>[vc_row full_width=\u201cstretch_row_content_no_spaces\u201c el_class=\u201cservices-top\u201c][vc_column el_class=\u201ctop-section-texts\u201c][\/vc_column][\/vc_row][vc_row css=\u201c.vc_custom_1705519257162{padding-top: 80px !important;padding-bottom: 80px !important;}\u201c el_id=\u201cproduct_portfolio\u201c][vc_column][vc_row_inner][vc_column_inner offset=\u201cvc_col-lg-offset-0 vc_col-lg-6 vc_col-md-offset-0 vc_col-md-6 vc_col-sm-offset-0 vc_col-xs-12\u2033 css=\u201c.vc_custom_1556872384773{padding-right: 45px !important;}\u201c][vc_empty_space height=\u201c0px\u201c][vc_column_text css=\u201c.vc_custom_1705521665533{margin-bottom: 0px !important;}\u201c] Suche nach den wettbewerbsf\u00e4higsten Produkten auf dem internationalen Markt. Kontakt mit Vertriebsmitarbeitern und Managern potenzieller Kunden. Finalisierung des Gesch\u00e4ftsmodells und der finanziellen\/kommerziellen Bedingungen. Unterst\u00fctzung beim Vertragsabschluss. Weitere Tipps zur Gesch\u00e4ftsentwicklung [\/vc_column_text][\/vc_column_inner][vc_column_inner el_class=\u201cresp-marg-50\u2033&#8230;<\/p>\n","protected":false},"author":1,"featured_media":0,"parent":0,"menu_order":0,"comment_status":"closed","ping_status":"closed","template":"homepage.php","meta":{"footnotes":""},"class_list":["post-300","page","type-page","status-publish","hentry"],"yoast_head":"<!-- This site is optimized with the Yoast SEO plugin v27.5 - https:\/\/yoast.com\/product\/yoast-seo-wordpress\/ -->\n<title>Kommerzielle Projekte - Arbexal<\/title>\n<meta name=\"robots\" content=\"index, follow, max-snippet:-1, max-image-preview:large, max-video-preview:-1\" \/>\n<link rel=\"canonical\" href=\"https:\/\/arbexal.com\/de\/commercial-projects\/\" \/>\n<meta property=\"og:locale\" content=\"de_DE\" \/>\n<meta property=\"og:type\" content=\"article\" \/>\n<meta property=\"og:title\" content=\"Kommerzielle Projekte - Arbexal\" \/>\n<meta property=\"og:description\" content=\"[vc_row full_width=\u201cstretch_row_content_no_spaces\u201c el_class=\u201cservices-top\u201c][vc_column el_class=\u201ctop-section-texts\u201c][\/vc_column][\/vc_row][vc_row css=\u201c.vc_custom_1705519257162{padding-top: 80px !important;padding-bottom: 80px !important;}\u201c el_id=\u201cproduct_portfolio\u201c][vc_column][vc_row_inner][vc_column_inner offset=\u201cvc_col-lg-offset-0 vc_col-lg-6 vc_col-md-offset-0 vc_col-md-6 vc_col-sm-offset-0 vc_col-xs-12\u2033 css=\u201c.vc_custom_1556872384773{padding-right: 45px !important;}\u201c][vc_empty_space height=\u201c0px\u201c][vc_column_text css=\u201c.vc_custom_1705521665533{margin-bottom: 0px !important;}\u201c] Suche nach den wettbewerbsf\u00e4higsten Produkten auf dem internationalen Markt. Kontakt mit Vertriebsmitarbeitern und Managern potenzieller Kunden. Finalisierung des Gesch\u00e4ftsmodells und der finanziellen\/kommerziellen Bedingungen. Unterst\u00fctzung beim Vertragsabschluss. Weitere Tipps zur Gesch\u00e4ftsentwicklung [\/vc_column_text][\/vc_column_inner][vc_column_inner el_class=\u201cresp-marg-50\u2033...\" \/>\n<meta property=\"og:url\" content=\"https:\/\/arbexal.com\/de\/commercial-projects\/\" \/>\n<meta property=\"og:site_name\" content=\"Arbexal\" \/>\n<meta property=\"article:modified_time\" content=\"2024-01-17T20:26:25+00:00\" \/>\n<meta name=\"twitter:card\" content=\"summary_large_image\" \/>\n<meta name=\"twitter:label1\" content=\"Gesch\u00e4tzte Lesezeit\" \/>\n\t<meta name=\"twitter:data1\" content=\"16\u00a0Minuten\" \/>\n<script type=\"application\/ld+json\" class=\"yoast-schema-graph\">{\"@context\":\"https:\\\/\\\/schema.org\",\"@graph\":[{\"@type\":\"WebPage\",\"@id\":\"https:\\\/\\\/arbexal.com\\\/de\\\/commercial-projects\\\/\",\"url\":\"https:\\\/\\\/arbexal.com\\\/de\\\/commercial-projects\\\/\",\"name\":\"Kommerzielle Projekte - Arbexal\",\"isPartOf\":{\"@id\":\"https:\\\/\\\/arbexal.com\\\/de\\\/#website\"},\"datePublished\":\"2024-01-17T14:09:49+00:00\",\"dateModified\":\"2024-01-17T20:26:25+00:00\",\"breadcrumb\":{\"@id\":\"https:\\\/\\\/arbexal.com\\\/de\\\/commercial-projects\\\/#breadcrumb\"},\"inLanguage\":\"de\",\"potentialAction\":[{\"@type\":\"ReadAction\",\"target\":[[\"https:\\\/\\\/arbexal.com\\\/de\\\/commercial-projects\\\/\"]]}]},{\"@type\":\"BreadcrumbList\",\"@id\":\"https:\\\/\\\/arbexal.com\\\/de\\\/commercial-projects\\\/#breadcrumb\",\"itemListElement\":[{\"@type\":\"ListItem\",\"position\":1,\"name\":\"Home\",\"item\":\"https:\\\/\\\/arbexal.com\\\/de\\\/\"},{\"@type\":\"ListItem\",\"position\":2,\"name\":\"Commercial projects\"}]},{\"@type\":\"WebSite\",\"@id\":\"https:\\\/\\\/arbexal.com\\\/de\\\/#website\",\"url\":\"https:\\\/\\\/arbexal.com\\\/de\\\/\",\"name\":\"Arbexal\",\"description\":\"Project Management\",\"potentialAction\":[{\"@type\":\"SearchAction\",\"target\":{\"@type\":\"EntryPoint\",\"urlTemplate\":\"https:\\\/\\\/arbexal.com\\\/de\\\/?s={search_term_string}\"},\"query-input\":{\"@type\":\"PropertyValueSpecification\",\"valueRequired\":true,\"valueName\":\"search_term_string\"}}],\"inLanguage\":\"de\"}]}<\/script>\n<!-- \/ Yoast SEO plugin. -->","yoast_head_json":{"title":"Kommerzielle Projekte - Arbexal","robots":{"index":"index","follow":"follow","max-snippet":"max-snippet:-1","max-image-preview":"max-image-preview:large","max-video-preview":"max-video-preview:-1"},"canonical":"https:\/\/arbexal.com\/de\/commercial-projects\/","og_locale":"de_DE","og_type":"article","og_title":"Kommerzielle Projekte - Arbexal","og_description":"[vc_row full_width=\u201cstretch_row_content_no_spaces\u201c el_class=\u201cservices-top\u201c][vc_column el_class=\u201ctop-section-texts\u201c][\/vc_column][\/vc_row][vc_row css=\u201c.vc_custom_1705519257162{padding-top: 80px !important;padding-bottom: 80px !important;}\u201c el_id=\u201cproduct_portfolio\u201c][vc_column][vc_row_inner][vc_column_inner offset=\u201cvc_col-lg-offset-0 vc_col-lg-6 vc_col-md-offset-0 vc_col-md-6 vc_col-sm-offset-0 vc_col-xs-12\u2033 css=\u201c.vc_custom_1556872384773{padding-right: 45px !important;}\u201c][vc_empty_space height=\u201c0px\u201c][vc_column_text css=\u201c.vc_custom_1705521665533{margin-bottom: 0px !important;}\u201c] Suche nach den wettbewerbsf\u00e4higsten Produkten auf dem internationalen Markt. Kontakt mit Vertriebsmitarbeitern und Managern potenzieller Kunden. Finalisierung des Gesch\u00e4ftsmodells und der finanziellen\/kommerziellen Bedingungen. Unterst\u00fctzung beim Vertragsabschluss. Weitere Tipps zur Gesch\u00e4ftsentwicklung [\/vc_column_text][\/vc_column_inner][vc_column_inner el_class=\u201cresp-marg-50\u2033...","og_url":"https:\/\/arbexal.com\/de\/commercial-projects\/","og_site_name":"Arbexal","article_modified_time":"2024-01-17T20:26:25+00:00","twitter_card":"summary_large_image","twitter_misc":{"Gesch\u00e4tzte Lesezeit":"16\u00a0Minuten"},"schema":{"@context":"https:\/\/schema.org","@graph":[{"@type":"WebPage","@id":"https:\/\/arbexal.com\/de\/commercial-projects\/","url":"https:\/\/arbexal.com\/de\/commercial-projects\/","name":"Kommerzielle Projekte - Arbexal","isPartOf":{"@id":"https:\/\/arbexal.com\/de\/#website"},"datePublished":"2024-01-17T14:09:49+00:00","dateModified":"2024-01-17T20:26:25+00:00","breadcrumb":{"@id":"https:\/\/arbexal.com\/de\/commercial-projects\/#breadcrumb"},"inLanguage":"de","potentialAction":[{"@type":"ReadAction","target":[["https:\/\/arbexal.com\/de\/commercial-projects\/"]]}]},{"@type":"BreadcrumbList","@id":"https:\/\/arbexal.com\/de\/commercial-projects\/#breadcrumb","itemListElement":[{"@type":"ListItem","position":1,"name":"Home","item":"https:\/\/arbexal.com\/de\/"},{"@type":"ListItem","position":2,"name":"Commercial projects"}]},{"@type":"WebSite","@id":"https:\/\/arbexal.com\/de\/#website","url":"https:\/\/arbexal.com\/de\/","name":"Arbexal","description":"Project Management","potentialAction":[{"@type":"SearchAction","target":{"@type":"EntryPoint","urlTemplate":"https:\/\/arbexal.com\/de\/?s={search_term_string}"},"query-input":{"@type":"PropertyValueSpecification","valueRequired":true,"valueName":"search_term_string"}}],"inLanguage":"de"}]}},"_links":{"self":[{"href":"https:\/\/arbexal.com\/de\/wp-json\/wp\/v2\/pages\/300","targetHints":{"allow":["GET"]}}],"collection":[{"href":"https:\/\/arbexal.com\/de\/wp-json\/wp\/v2\/pages"}],"about":[{"href":"https:\/\/arbexal.com\/de\/wp-json\/wp\/v2\/types\/page"}],"author":[{"embeddable":true,"href":"https:\/\/arbexal.com\/de\/wp-json\/wp\/v2\/users\/1"}],"replies":[{"embeddable":true,"href":"https:\/\/arbexal.com\/de\/wp-json\/wp\/v2\/comments?post=300"}],"version-history":[{"count":0,"href":"https:\/\/arbexal.com\/de\/wp-json\/wp\/v2\/pages\/300\/revisions"}],"wp:attachment":[{"href":"https:\/\/arbexal.com\/de\/wp-json\/wp\/v2\/media?parent=300"}],"curies":[{"name":"wp","href":"https:\/\/api.w.org\/{rel}","templated":true}]}}