{"id":127,"date":"2024-01-12T21:12:46","date_gmt":"2024-01-12T21:12:46","guid":{"rendered":"https:\/\/www.arbexal.com\/?page_id=127"},"modified":"2024-10-04T13:22:24","modified_gmt":"2024-10-04T13:22:24","slug":"price-offer-request","status":"publish","type":"page","link":"https:\/\/arbexal.com\/hu\/price-offer-request\/","title":{"rendered":"Aj\u00e1nlatk\u00e9r\u00e9s"},"content":{"rendered":"<div class=\"wpb-content-wrapper\"><p>[vc_row full_width=&#8221;stretch_row_content_no_spaces&#8221;][vc_column el_class=&#8221;top-section-texts&#8221;]<div data-background=\"https:\/\/arbexal.com\/wp-content\/uploads\/2024\/01\/arbexal_office.jpg\" class=\"intro full\"><div class=\"intro-body\"><div class=\"container\"><div class=\"row\"><div class=\"col-md-6 col-md-offset-3\"><h1 style=\"font-size: ; font-family: Raleway; line-height: ;\" class=\"\">Aj\u00e1nlatk\u00e9r\u00e9s<\/h1><h4 style=\"font-family: ;\" class=\"\">Ha \u00e1raj\u00e1nlatot szeretne k\u00e9rni, akkor k\u00e9rj\u00fck, t\u00f6ltse ki az al\u00e1bbi \u0171rlapot. Megkeres\u00e9s\u00e9t k\u00f6vet\u0151en n\u00e9h\u00e1ny munkanapon bel\u00fcl egy ingyenes egyeztet\u00e9st kezdem\u00e9nyez\u00fcnk, mely alapj\u00e1n k\u00e9sz\u00edt\u00fcnk \u00d6nnek egy szem\u00e9lyre szabott \u00e1raj\u00e1nlatot. V\u00e1rjuk megkeres\u00e9s\u00e9t legyen sz\u00f3 ak\u00e1r nagyv\u00e1llalatr\u00f3l, ak\u00e1r egy kisebb egy\u00e9ni v\u00e1llalkoz\u00e1sr\u00f3l!<\/h4><\/div><\/div><\/div><\/div><\/div><script>\r\njQuery.noConflict()(function($){\r\n\"use strict\";\r\n\r\n        var introHeader = $(\".intro\"),\r\n            intro = $(\".intro\");\r\n\r\n        buildModuleHeader(introHeader);\r\n\r\n        $(window).resize(function() {\r\n            var width = Math.max($(window).width(), window.innerWidth);\r\n            buildModuleHeader(introHeader);\r\n        });\r\n\r\n        $(window).scroll(function() {\r\n            effectsModuleHeader(introHeader, this);\r\n        });\r\n\r\n        intro.each(function(i) {\r\n            if ($(this).attr(\"data-background\")) {\r\n                $(this).css(\"background-image\", \"url(\" + $(this).attr(\"data-background\") + \")\");\r\n            }\r\n        });\r\n\r\n\r\n        function buildModuleHeader(introHeader) {\r\n        };\r\n        function effectsModuleHeader(introHeader, scrollTopp) {\r\n            if (introHeader.length > 0) {\r\n                var homeSHeight = introHeader.height();\r\n                var topScroll = $(document).scrollTop();\r\n                if ((introHeader.hasClass(\"intro\")) && ($(scrollTopp).scrollTop() <= homeSHeight)) {\r\n                    introHeader.css(\"top\", (topScroll * .4));\r\n                }\r\n                if (introHeader.hasClass(\"intro\") && ($(scrollTopp).scrollTop() <= homeSHeight)) {\r\n                    introHeader.css(\"opacity\", (1 - topScroll\/introHeader.height() * 1));\r\n                }\r\n            }\r\n        };\r\n});\r\n\t<\/script>[\/vc_column][\/vc_row][vc_row css=&#8221;.vc_custom_1554733792025{padding-top: 105px !important;padding-bottom: 140px !important;}&#8221;][vc_column][vc_row_inner css=&#8221;.vc_custom_1479804800604{margin-top: 50px !important;}&#8221;][vc_column_inner offset=&#8221;vc_col-lg-5 vc_col-md-6 vc_col-xs-12&#8243;]<div class=\"promo-block  \">\r\n            \t<h3>T\u00f6ltse ki a mez\u0151ket!<\/h3>\r\n            \t<p><\/p>\r\n              <\/div>\n<div class=\"wpcf7 no-js\" id=\"wpcf7-f160-o3\" lang=\"en-US\" dir=\"ltr\" data-wpcf7-id=\"160\">\n<div class=\"screen-reader-response\"><p role=\"status\" aria-live=\"polite\" aria-atomic=\"true\"><\/p> <ul><\/ul><\/div>\n<form action=\"\/hu\/wp-json\/wp\/v2\/pages\/127#wpcf7-f160-o3\" method=\"post\" class=\"wpcf7-form init\" aria-label=\"Contact form\" novalidate=\"novalidate\" data-status=\"init\">\n<fieldset class=\"hidden-fields-container\"><input type=\"hidden\" name=\"_wpcf7\" value=\"160\" \/><input type=\"hidden\" name=\"_wpcf7_version\" value=\"6.1.5\" \/><input type=\"hidden\" name=\"_wpcf7_locale\" value=\"en_US\" \/><input type=\"hidden\" name=\"_wpcf7_unit_tag\" value=\"wpcf7-f160-o3\" \/><input type=\"hidden\" name=\"_wpcf7_container_post\" value=\"0\" \/><input type=\"hidden\" name=\"_wpcf7_posted_data_hash\" value=\"\" \/><input type=\"hidden\" name=\"_wpcf7_recaptcha_response\" value=\"\" \/>\n<\/fieldset>\n<p><label for=\"name\" class=\"sr-only control-label\">N\u00e9v*<\/label><span class=\"wpcf7-form-control-wrap\" data-name=\"your-name\"><input size=\"40\" maxlength=\"400\" class=\"wpcf7-form-control wpcf7-text wpcf7-validates-as-required\" aria-required=\"true\" aria-invalid=\"false\" placeholder=\"N\u00e9v\" value=\"\" type=\"text\" name=\"your-name\" \/><\/span><br \/>\n<label for=\"email\" class=\"sr-only control-label\">E-mail*<\/label><span class=\"wpcf7-form-control-wrap\" data-name=\"your-email\"><input size=\"40\" maxlength=\"400\" class=\"wpcf7-form-control wpcf7-email wpcf7-validates-as-required wpcf7-text wpcf7-validates-as-email\" aria-required=\"true\" aria-invalid=\"false\" placeholder=\"E-mail\" value=\"\" type=\"email\" name=\"your-email\" \/><\/span><br \/>\n<label for=\"phone\" class=\"sr-only control-label\">Telefonsz\u00e1m<\/label><span class=\"wpcf7-form-control-wrap\" data-name=\"your-phone\"><input size=\"40\" maxlength=\"400\" class=\"wpcf7-form-control wpcf7-text wpcf7-validates-as-required\" aria-required=\"true\" aria-invalid=\"false\" placeholder=\"Telefonsz\u00e1m\" value=\"\" type=\"text\" name=\"your-phone\" \/><\/span><br \/>\n<label for=\"message\" class=\"sr-only control-label\">\u00dczenet<\/label><span class=\"wpcf7-form-control-wrap\" data-name=\"your-message\"><textarea cols=\"40\" rows=\"10\" maxlength=\"2000\" class=\"wpcf7-form-control wpcf7-textarea\" aria-invalid=\"false\" placeholder=\"\u00dczenet\" name=\"your-message\"><\/textarea><\/span>\n<\/p>\n<p>F\u00e1jl felt\u00f6lt\u00e9s (pl. c\u00e9ges prezent\u00e1ci\u00f3)<br \/>\n<label for=\"file\" class=\"sr-only control-label\">F\u00e1jl felt\u00f6lt\u00e9s<\/label><span class=\"wpcf7-form-control-wrap\" data-name=\"upload-file-457\"><input size=\"40\" class=\"wpcf7-form-control wpcf7-drag-n-drop-file d-none\" aria-invalid=\"false\" type=\"file\" multiple=\"multiple\" data-name=\"upload-file-457\" data-type=\"pdf|docx|xlsx\" data-max=\"4\" data-id=\"160\" data-version=\"free version 1.3.9.6\" accept=\".pdf, .docx, .xlsx\" \/><\/span><br \/>\n<span class=\"wpcf7-form-control-wrap\" data-name=\"checkbox-296\"><span class=\"wpcf7-form-control wpcf7-checkbox wpcf7-validates-as-required\"><span class=\"wpcf7-list-item first last\"><input type=\"checkbox\" name=\"checkbox-296[]\" value=\"Elolvastam \u00e9s meg\u00e9rtettem az Adatkezel\u00e9si t\u00e1j\u00e9koztat\u00f3ban foglaltakat.\" \/><span class=\"wpcf7-list-item-label\">Elolvastam \u00e9s meg\u00e9rtettem az Adatkezel\u00e9si t\u00e1j\u00e9koztat\u00f3ban foglaltakat.<\/span><\/span><\/span><\/span>\n<\/p>\n<p><input class=\"wpcf7-form-control wpcf7-submit has-spinner\" type=\"submit\" value=\"K\u00fcld\u00e9s\" \/>\n<\/p><div class=\"wpcf7-response-output\" aria-hidden=\"true\"><\/div>\n<\/form>\n<\/div>\n[\/vc_column_inner][vc_column_inner offset=&#8221;vc_col-lg-offset-2 vc_col-lg-5 vc_col-md-offset-0 vc_col-md-6 vc_col-xs-12&#8243;]<div class=\"promo-block  \">\r\n            \t<h3>Kit\u00f6lt\u00e9si \u00fatmutat\u00f3<\/h3>\r\n            \t<p><\/p>\r\n              <\/div>[vc_column_text]<\/p>\n<ul>\n<li>Adjon meg mag\u00e1r\u00f3l min\u00e9l t\u00f6bb adatot!<\/li>\n<li>\u00cdrja le min\u00e9l r\u00e9szletesebben, hogy milyen c\u00e9llal keres fel minket!<\/li>\n<li>T\u00f6lts\u00f6n fel a c\u00e9g\u00fckr\u0151l min\u00e9l t\u00f6bb f\u00e1jlt (pl. c\u00e9ges prezent\u00e1ci\u00f3, m\u00e9rleg, besz\u00e1mol\u00f3 stb.)!<\/li>\n<li>Maximum 4 f\u00e1jlt t\u00f6lthet fel.<\/li>\n<li>Megengedett f\u00e1jlform\u00e1tumok: pdf|docx|xlsx<\/li>\n<\/ul>\n<p>[\/vc_column_text][\/vc_column_inner][\/vc_row_inner][\/vc_column][\/vc_row][vc_row css=&#8221;.vc_custom_1554733792025{padding-top: 105px !important;padding-bottom: 140px !important;}&#8221;][vc_column][\/vc_column][\/vc_row][vc_row full_width=&#8221;stretch_row&#8221; css_animation=&#8221;fadeIn&#8221; css=&#8221;.vc_custom_1484750757959{margin-bottom: -50px !important;padding-top: 45px !important;padding-bottom: 80px !important;background-color: #e8e8e8 !important;}&#8221;][vc_column][vc_row_inner][vc_column_inner width=&#8221;5\/6&#8243;][vc_column_text]<\/p>\n<h3 class=\"no-pad\">Az \u00d6n projektje a mi munk\u00e1nk<\/h3>\n<p>[\/vc_column_text][\/vc_column_inner][vc_column_inner el_class=&#8221;text-right&#8221; width=&#8221;1\/6&#8243;]<a class=\"universal_vc_button\" data-title-color-hover=\"#ffffff\" data-bg-color-hover=\"#0044b2\" data-border-c-hover=\"\"  href=\"\/#contact\" target=\"_self\" style=\"display:inline-block; font-size:12px; line-heigth:12px; color:#ffffff; background-color:#0061a6; padding:7px 12px; margin:; border-width:0px; border-style:solid; border-color:; border-radius:0\">Contact<\/a>[\/vc_column_inner][\/vc_row_inner][\/vc_column][\/vc_row]<\/p>\n<\/div>","protected":false},"excerpt":{"rendered":"<p>[vc_row full_width=&#8221;stretch_row_content_no_spaces&#8221;][vc_column el_class=&#8221;top-section-texts&#8221;][\/vc_column][\/vc_row][vc_row css=&#8221;.vc_custom_1554733792025{padding-top: 105px !important;padding-bottom: 140px !important;}&#8221;][vc_column][vc_row_inner css=&#8221;.vc_custom_1479804800604{margin-top: 50px !important;}&#8221;][vc_column_inner offset=&#8221;vc_col-lg-5 vc_col-md-6 vc_col-xs-12&#8243;][\/vc_column_inner][vc_column_inner offset=&#8221;vc_col-lg-offset-2 vc_col-lg-5 vc_col-md-offset-0 vc_col-md-6 vc_col-xs-12&#8243;][vc_column_text] Adjon meg mag\u00e1r\u00f3l min\u00e9l t\u00f6bb adatot! \u00cdrja le min\u00e9l r\u00e9szletesebben, hogy milyen c\u00e9llal keres fel minket! T\u00f6lts\u00f6n fel a c\u00e9g\u00fckr\u0151l min\u00e9l t\u00f6bb f\u00e1jlt (pl. c\u00e9ges prezent\u00e1ci\u00f3, m\u00e9rleg, besz\u00e1mol\u00f3 stb.)! Maximum 4 f\u00e1jlt t\u00f6lthet fel. Megengedett f\u00e1jlform\u00e1tumok:&#8230;<\/p>\n","protected":false},"author":1,"featured_media":0,"parent":0,"menu_order":0,"comment_status":"closed","ping_status":"closed","template":"homepage.php","meta":{"footnotes":""},"class_list":["post-127","page","type-page","status-publish","hentry"],"yoast_head":"<!-- This site is optimized with the Yoast SEO plugin v27.4 - https:\/\/yoast.com\/product\/yoast-seo-wordpress\/ -->\n<title>Aj\u00e1nlatk\u00e9r\u00e9s - Arbexal<\/title>\n<meta name=\"robots\" content=\"index, follow, max-snippet:-1, max-image-preview:large, max-video-preview:-1\" \/>\n<link rel=\"canonical\" href=\"https:\/\/arbexal.com\/hu\/price-offer-request\/\" \/>\n<meta property=\"og:locale\" content=\"hu_HU\" \/>\n<meta property=\"og:type\" content=\"article\" \/>\n<meta property=\"og:title\" content=\"Aj\u00e1nlatk\u00e9r\u00e9s - Arbexal\" \/>\n<meta property=\"og:description\" content=\"[vc_row full_width=&#8221;stretch_row_content_no_spaces&#8221;][vc_column el_class=&#8221;top-section-texts&#8221;][\/vc_column][\/vc_row][vc_row css=&#8221;.vc_custom_1554733792025{padding-top: 105px !important;padding-bottom: 140px !important;}&#8221;][vc_column][vc_row_inner css=&#8221;.vc_custom_1479804800604{margin-top: 50px !important;}&#8221;][vc_column_inner offset=&#8221;vc_col-lg-5 vc_col-md-6 vc_col-xs-12&#8243;][\/vc_column_inner][vc_column_inner offset=&#8221;vc_col-lg-offset-2 vc_col-lg-5 vc_col-md-offset-0 vc_col-md-6 vc_col-xs-12&#8243;][vc_column_text] Adjon meg mag\u00e1r\u00f3l min\u00e9l t\u00f6bb adatot! \u00cdrja le min\u00e9l r\u00e9szletesebben, hogy milyen c\u00e9llal keres fel minket! T\u00f6lts\u00f6n fel a c\u00e9g\u00fckr\u0151l min\u00e9l t\u00f6bb f\u00e1jlt (pl. c\u00e9ges prezent\u00e1ci\u00f3, m\u00e9rleg, besz\u00e1mol\u00f3 stb.)! Maximum 4 f\u00e1jlt t\u00f6lthet fel. Megengedett f\u00e1jlform\u00e1tumok:...\" \/>\n<meta property=\"og:url\" content=\"https:\/\/arbexal.com\/hu\/price-offer-request\/\" \/>\n<meta property=\"og:site_name\" content=\"Arbexal\" \/>\n<meta property=\"article:modified_time\" content=\"2024-10-04T13:22:24+00:00\" \/>\n<meta name=\"twitter:card\" content=\"summary_large_image\" \/>\n<meta name=\"twitter:label1\" content=\"Becs\u00fclt olvas\u00e1si id\u0151\" \/>\n\t<meta name=\"twitter:data1\" content=\"2 perc\" \/>\n<script type=\"application\/ld+json\" class=\"yoast-schema-graph\">{\"@context\":\"https:\\\/\\\/schema.org\",\"@graph\":[{\"@type\":\"WebPage\",\"@id\":\"https:\\\/\\\/arbexal.com\\\/hu\\\/price-offer-request\\\/\",\"url\":\"https:\\\/\\\/arbexal.com\\\/hu\\\/price-offer-request\\\/\",\"name\":\"Aj\u00e1nlatk\u00e9r\u00e9s - Arbexal\",\"isPartOf\":{\"@id\":\"https:\\\/\\\/arbexal.com\\\/hu\\\/#website\"},\"datePublished\":\"2024-01-12T21:12:46+00:00\",\"dateModified\":\"2024-10-04T13:22:24+00:00\",\"breadcrumb\":{\"@id\":\"https:\\\/\\\/arbexal.com\\\/hu\\\/price-offer-request\\\/#breadcrumb\"},\"inLanguage\":\"hu\",\"potentialAction\":[{\"@type\":\"ReadAction\",\"target\":[[\"https:\\\/\\\/arbexal.com\\\/hu\\\/price-offer-request\\\/\"]]}]},{\"@type\":\"BreadcrumbList\",\"@id\":\"https:\\\/\\\/arbexal.com\\\/hu\\\/price-offer-request\\\/#breadcrumb\",\"itemListElement\":[{\"@type\":\"ListItem\",\"position\":1,\"name\":\"Home\",\"item\":\"https:\\\/\\\/arbexal.com\\\/hu\\\/\"},{\"@type\":\"ListItem\",\"position\":2,\"name\":\"Price offer request\"}]},{\"@type\":\"WebSite\",\"@id\":\"https:\\\/\\\/arbexal.com\\\/hu\\\/#website\",\"url\":\"https:\\\/\\\/arbexal.com\\\/hu\\\/\",\"name\":\"Arbexal\",\"description\":\"Project Management\",\"potentialAction\":[{\"@type\":\"SearchAction\",\"target\":{\"@type\":\"EntryPoint\",\"urlTemplate\":\"https:\\\/\\\/arbexal.com\\\/hu\\\/?s={search_term_string}\"},\"query-input\":{\"@type\":\"PropertyValueSpecification\",\"valueRequired\":true,\"valueName\":\"search_term_string\"}}],\"inLanguage\":\"hu\"}]}<\/script>\n<!-- \/ Yoast SEO plugin. -->","yoast_head_json":{"title":"Aj\u00e1nlatk\u00e9r\u00e9s - Arbexal","robots":{"index":"index","follow":"follow","max-snippet":"max-snippet:-1","max-image-preview":"max-image-preview:large","max-video-preview":"max-video-preview:-1"},"canonical":"https:\/\/arbexal.com\/hu\/price-offer-request\/","og_locale":"hu_HU","og_type":"article","og_title":"Aj\u00e1nlatk\u00e9r\u00e9s - Arbexal","og_description":"[vc_row full_width=&#8221;stretch_row_content_no_spaces&#8221;][vc_column el_class=&#8221;top-section-texts&#8221;][\/vc_column][\/vc_row][vc_row css=&#8221;.vc_custom_1554733792025{padding-top: 105px !important;padding-bottom: 140px !important;}&#8221;][vc_column][vc_row_inner css=&#8221;.vc_custom_1479804800604{margin-top: 50px !important;}&#8221;][vc_column_inner offset=&#8221;vc_col-lg-5 vc_col-md-6 vc_col-xs-12&#8243;][\/vc_column_inner][vc_column_inner offset=&#8221;vc_col-lg-offset-2 vc_col-lg-5 vc_col-md-offset-0 vc_col-md-6 vc_col-xs-12&#8243;][vc_column_text] Adjon meg mag\u00e1r\u00f3l min\u00e9l t\u00f6bb adatot! \u00cdrja le min\u00e9l r\u00e9szletesebben, hogy milyen c\u00e9llal keres fel minket! T\u00f6lts\u00f6n fel a c\u00e9g\u00fckr\u0151l min\u00e9l t\u00f6bb f\u00e1jlt (pl. c\u00e9ges prezent\u00e1ci\u00f3, m\u00e9rleg, besz\u00e1mol\u00f3 stb.)! Maximum 4 f\u00e1jlt t\u00f6lthet fel. Megengedett f\u00e1jlform\u00e1tumok:...","og_url":"https:\/\/arbexal.com\/hu\/price-offer-request\/","og_site_name":"Arbexal","article_modified_time":"2024-10-04T13:22:24+00:00","twitter_card":"summary_large_image","twitter_misc":{"Becs\u00fclt olvas\u00e1si id\u0151":"2 perc"},"schema":{"@context":"https:\/\/schema.org","@graph":[{"@type":"WebPage","@id":"https:\/\/arbexal.com\/hu\/price-offer-request\/","url":"https:\/\/arbexal.com\/hu\/price-offer-request\/","name":"Aj\u00e1nlatk\u00e9r\u00e9s - Arbexal","isPartOf":{"@id":"https:\/\/arbexal.com\/hu\/#website"},"datePublished":"2024-01-12T21:12:46+00:00","dateModified":"2024-10-04T13:22:24+00:00","breadcrumb":{"@id":"https:\/\/arbexal.com\/hu\/price-offer-request\/#breadcrumb"},"inLanguage":"hu","potentialAction":[{"@type":"ReadAction","target":[["https:\/\/arbexal.com\/hu\/price-offer-request\/"]]}]},{"@type":"BreadcrumbList","@id":"https:\/\/arbexal.com\/hu\/price-offer-request\/#breadcrumb","itemListElement":[{"@type":"ListItem","position":1,"name":"Home","item":"https:\/\/arbexal.com\/hu\/"},{"@type":"ListItem","position":2,"name":"Price offer request"}]},{"@type":"WebSite","@id":"https:\/\/arbexal.com\/hu\/#website","url":"https:\/\/arbexal.com\/hu\/","name":"Arbexal","description":"Project Management","potentialAction":[{"@type":"SearchAction","target":{"@type":"EntryPoint","urlTemplate":"https:\/\/arbexal.com\/hu\/?s={search_term_string}"},"query-input":{"@type":"PropertyValueSpecification","valueRequired":true,"valueName":"search_term_string"}}],"inLanguage":"hu"}]}},"_links":{"self":[{"href":"https:\/\/arbexal.com\/hu\/wp-json\/wp\/v2\/pages\/127","targetHints":{"allow":["GET"]}}],"collection":[{"href":"https:\/\/arbexal.com\/hu\/wp-json\/wp\/v2\/pages"}],"about":[{"href":"https:\/\/arbexal.com\/hu\/wp-json\/wp\/v2\/types\/page"}],"author":[{"embeddable":true,"href":"https:\/\/arbexal.com\/hu\/wp-json\/wp\/v2\/users\/1"}],"replies":[{"embeddable":true,"href":"https:\/\/arbexal.com\/hu\/wp-json\/wp\/v2\/comments?post=127"}],"version-history":[{"count":0,"href":"https:\/\/arbexal.com\/hu\/wp-json\/wp\/v2\/pages\/127\/revisions"}],"wp:attachment":[{"href":"https:\/\/arbexal.com\/hu\/wp-json\/wp\/v2\/media?parent=127"}],"curies":[{"name":"wp","href":"https:\/\/api.w.org\/{rel}","templated":true}]}}