{"id":142,"date":"2024-01-12T21:36:22","date_gmt":"2024-01-12T21:36:22","guid":{"rendered":"https:\/\/www.arbexal.com\/?page_id=142"},"modified":"2024-10-05T12:07:05","modified_gmt":"2024-10-05T12:07:05","slug":"terms-of-use","status":"publish","type":"page","link":"https:\/\/arbexal.com\/hu\/terms-of-use\/","title":{"rendered":"\u00c1ltal\u00e1nos szerz\u0151d\u00e9si felt\u00e9telek"},"content":{"rendered":"<div class=\"wpb-content-wrapper\"><p>[vc_row full_width=&#8221;stretch_row_content_no_spaces&#8221; el_class=&#8221;services-top&#8221;][vc_column el_class=&#8221;top-section-texts&#8221;]<div data-background=\"https:\/\/arbexal.com\/wp-content\/uploads\/2024\/01\/documents.jpg\" class=\"intro full\"><div class=\"intro-body\"><div class=\"container\"><div class=\"row\"><div class=\"col-md-6 col-md-offset-3\"><h1 style=\"font-size: ; font-family: Raleway; line-height: ;\" class=\"\">\u00c1SZF<\/h1><h4 style=\"font-family: ;\" class=\"\">K\u00e9rj\u00fck, figyelmesen olvassa el az \u00c1ltal\u00e1nos Szerz\u0151d\u00e9si Felt\u00e9teleket.<\/h4><\/div><\/div><\/div><\/div><\/div><script>\r\njQuery.noConflict()(function($){\r\n\"use strict\";\r\n\r\n        var introHeader = $(\".intro\"),\r\n            intro = $(\".intro\");\r\n\r\n        buildModuleHeader(introHeader);\r\n\r\n        $(window).resize(function() {\r\n            var width = Math.max($(window).width(), window.innerWidth);\r\n            buildModuleHeader(introHeader);\r\n        });\r\n\r\n        $(window).scroll(function() {\r\n            effectsModuleHeader(introHeader, this);\r\n        });\r\n\r\n        intro.each(function(i) {\r\n            if ($(this).attr(\"data-background\")) {\r\n                $(this).css(\"background-image\", \"url(\" + $(this).attr(\"data-background\") + \")\");\r\n            }\r\n        });\r\n\r\n\r\n        function buildModuleHeader(introHeader) {\r\n        };\r\n        function effectsModuleHeader(introHeader, scrollTopp) {\r\n            if (introHeader.length > 0) {\r\n                var homeSHeight = introHeader.height();\r\n                var topScroll = $(document).scrollTop();\r\n                if ((introHeader.hasClass(\"intro\")) && ($(scrollTopp).scrollTop() <= homeSHeight)) {\r\n                    introHeader.css(\"top\", (topScroll * .4));\r\n                }\r\n                if (introHeader.hasClass(\"intro\") && ($(scrollTopp).scrollTop() <= homeSHeight)) {\r\n                    introHeader.css(\"opacity\", (1 - topScroll\/introHeader.height() * 1));\r\n                }\r\n            }\r\n        };\r\n});\r\n\t<\/script>[\/vc_column][\/vc_row][vc_row css=&#8221;.vc_custom_1556889391788{padding-top: 80px !important;padding-bottom: 80px !important;}&#8221; el_id=&#8221;disztribucio&#8221;][vc_column][vc_row_inner][vc_column_inner offset=&#8221;vc_col-lg-offset-0 vc_col-lg-12 vc_col-md-offset-0 vc_col-md-12 vc_col-sm-offset-0 vc_col-xs-12&#8243; css=&#8221;.vc_custom_1557869577000{padding-right: 45px !important;}&#8221;][vc_empty_space height=&#8221;0px&#8221;]<div class=\"promo-block  \">\r\n            \t<h3>Terms of use<\/h3>\r\n            \t<p><\/p>\r\n              <\/div>[vc_column_text css=&#8221;.vc_custom_1728129994708{margin-bottom: 0px !important;}&#8221;]1.1 Jelen honlapot az Arbexal Group Kft. (tov\u00e1bbiakban Arbexal Group) m\u0171k\u00f6dteti. Amennyiben b\u00e1rmilyen k\u00e9rd\u00e9se vagy \u00e9szrev\u00e9tele van a weboldallal kapcsolatban, k\u00e9rj\u00fck, <u><a href=\"\/#contact\">vegye fel vel\u00fcnk a kapcsolatot<\/a><\/u>.<\/p>\n<p>1.2 Honlapunk tartalm\u00e1hoz t\u00f6rt\u00e9n\u0151 hozz\u00e1f\u00e9r\u00e9ssel, az oldalak b\u00f6ng\u00e9sz\u00e9s\u00e9vel \u00d6n korl\u00e1toz\u00e1s \u00e9s fenntart\u00e1s n\u00e9lk\u00fcl elfogadja a jelen nyilatkozatban foglalt felt\u00e9teleket, f\u00fcggetlen\u00fcl att\u00f3l, hogy azokat elolvasta-e, vagy sem. Ezeket a szab\u00e1lyokat az Arbexal Group mag\u00e1ra n\u00e9zve is k\u00f6telez\u0151nek ismeri el. Ha jelen felt\u00e9teleket nem fogadja el, k\u00e9rj\u00fck, ne haszn\u00e1lja a honlapunkat.<\/p>\n<p>2. V\u00c1LTOZTAT\u00c1SOK<br \/>\n2.1 Az Arbexal Group a jelen Felhaszn\u00e1l\u00e1si Felt\u00e9telek m\u00f3dos\u00edt\u00e1s\u00e1nak jog\u00e1t fenntartja. E felhaszn\u00e1l\u00e1si felt\u00e9telek \u00e9s az esetleges \u00fajabb inform\u00e1ci\u00f3k \u00e1ttekint\u00e9se \u00e9rdek\u00e9ben rendszeresen l\u00e1togassa ezt az oldalt. Az Arbexal Group fenntartja azt a jogot, hogy el\u0151zetes bejelent\u00e9s n\u00e9lk\u00fcl a honlap b\u00e1rmely vagy \u00f6sszes szolg\u00e1ltat\u00e1s\u00e1t megsz\u00fcntesse.<\/p>\n<p>3. FELEL\u0150SS\u00c9G KORL\u00c1TOZ\u00c1SA, KIZ\u00c1R\u00c1SA<br \/>\n3.1 Az Arbexal Group nem v\u00e1llal felel\u0151ss\u00e9get a jelen weboldalon k\u00f6zz\u00e9tett inform\u00e1ci\u00f3k pontoss\u00e1g\u00e1\u00e9rt, teljess\u00e9g\u00e9\u00e9rt \u00e9s naprak\u00e9szs\u00e9g\u00e9\u00e9rt.<\/p>\n<p>3.2 Az Arbexal Group honlapj\u00e1nak b\u00e1rmilyen c\u00e9l\u00fa l\u00e1togat\u00e1s\u00e1t, haszn\u00e1lat\u00e1t mindenki saj\u00e1t felel\u0151ss\u00e9g\u00e9re teszi, saj\u00e1t bel\u00e1t\u00e1sa alapj\u00e1n. A honlapon kereszt\u00fcl let\u00f6lt\u00f6tt \u00e9s megismert inform\u00e1ci\u00f3 felhaszn\u00e1l\u00e1sa \u00f6nk\u00e9ntes \u00e9s kiz\u00e1r\u00f3lag saj\u00e1t kock\u00e1zatra v\u00e9gzett tev\u00e9kenys\u00e9g.<\/p>\n<p>3.3 Az Arbexal Group a jog \u00e1ltal lehet\u0151v\u00e9 tett legteljesebb m\u00e9rt\u00e9kben kiz\u00e1rja felel\u0151ss\u00e9g\u00e9t a felhaszn\u00e1l\u00f3k vagy m\u00e1s harmadik szem\u00e9lyek fel\u00e9 mindazon felmer\u00fcl\u0151 k\u00f6zvetlen vagy k\u00f6zvetett k\u00e1r\u00e9rt, vesztes\u00e9g\u00e9rt vagy k\u00f6lts\u00e9g\u00e9rt, amely a sz\u00f6vegek, a dokumentumok, k\u00e9pek vagy szoftverek haszn\u00e1lat\u00e1b\u00f3l vagy nem haszn\u00e1lat\u00e1b\u00f3l ad\u00f3dik, \u00edgy k\u00fcl\u00f6n\u00f6sen elmaradt haszon, elveszett \u00fczleti inform\u00e1ci\u00f3k, \u00fczlett\u0151l val\u00f3 el\u00e1ll\u00e1s, vagy m\u00e1s, hasonl\u00f3 k\u00e1r eset\u00e9n.<\/p>\n<p>3.4 A honlapon tal\u00e1lhat\u00f3 inform\u00e1ci\u00f3k kiz\u00e1r\u00f3lag t\u00e1j\u00e9koztat\u00e1sul szolg\u00e1lnak, nem min\u0151s\u00fclnek tan\u00e1csad\u00e1snak, vagy aj\u00e1nl\u00e1snak.<\/p>\n<p>3.5 Az Arbexal Group fenntartja a jogot, hogy a honlap tartalm\u00e1t b\u00e1rmikor, el\u0151zetes \u00e9rtes\u00edt\u00e9s n\u00e9lk\u00fcl megv\u00e1ltoztassa, jav\u00edtsa \u00e9s fejlessze.<\/p>\n<p>3.6 Az Arbexal Group tov\u00e1bb\u00e1 nem v\u00e1llal felel\u0151ss\u00e9get \u00e9s nem vonhat\u00f3 felel\u0151ss\u00e9gre semmif\u00e9le k\u00e1r\u00e9rt, amely az \u00d6n sz\u00e1m\u00edt\u00f3g\u00e9p\u00e9t vagy egy\u00e9b tulajdon\u00e1t a honlaphoz t\u00f6rt\u00e9n\u0151 kapcsol\u00f3d\u00e1s, illetve hozz\u00e1f\u00e9r\u00e9s sor\u00e1n \u00e9ri annak haszn\u00e1lata, illetve b\u00f6ng\u00e9sz\u00e9se k\u00f6vetkezt\u00e9ben, ide \u00e9rtve b\u00e1rmely anyag, adat, sz\u00f6veg, k\u00e9p, vide\u00f3 vagy hanganyag let\u00f6lt\u00e9se sor\u00e1n bek\u00f6vetkez\u0151 negat\u00edv esem\u00e9nyt. Ezen fel\u00fcl az Arbexal Group nem v\u00e1llal semmif\u00e9le felel\u0151ss\u00e9get a honlap nem megfelel\u0151 m\u0171k\u00f6d\u00e9s\u00e9b\u0151l, \u00fczemzavar\u00e1b\u00f3l, vagy m\u00e1s hasonl\u00f3 okb\u00f3l keletkez\u0151 k\u00f6zvetlen, vagy k\u00f6zvetett k\u00e1rok\u00e9rt, vesztes\u00e9gek\u00e9rt, k\u00f6lts\u00e9gek\u00e9rt.<\/p>\n<p>4. LINKEK<br \/>\n4.1 A weboldal az Arbexal Group weboldal\u00e1n k\u00edv\u00fcli weboldalakra mutat\u00f3 hivatkoz\u00e1sokat tartalmazhat. Az Arbexal Groupnek nincs ellen\u0151rz\u00e9se a harmadik felek weboldalai felett \u00e9s nem felt\u00e9tlen\u00fcl t\u00e1mogatja azokat, illetve nem v\u00e1llal felel\u0151ss\u00e9get azok\u00e9rt, \u00edgy azok tartalm\u00e1\u00e9rt, pontoss\u00e1g\u00e1\u00e9rt \u00e9s m\u0171k\u00f6d\u00e9s\u00e9\u00e9rt.<\/p>\n<p>5. ADATKEZEL\u00c9SI T\u00c1J\u00c9KOZTAT\u00d3<br \/>\n5.1 Honlapunk m\u0171k\u00f6d\u00e9s\u00e9hez kapcsol\u00f3d\u00f3 adatkezel\u00e9sekre vonatkoz\u00f3 Adatkezel\u00e9si T\u00e1j\u00e9koztat\u00f3 el\u00e9rhet\u0151 erre a <u><a href=\"\/privacy-policy\">linkre<\/a><\/u> kattintva.<\/p>\n<p>6. SZERZ\u0150I JOG<br \/>\n6.1 Az Arbexal Group weboldal\u00e1nak sz\u00f6veges tartalma \u00e9s grafikai elemei szerz\u0151i jogi, v\u00e9djegy-, vagy m\u00e1s jogi v\u00e9delem alatt \u00e1llnak.<\/p>\n<p>6.2 Azok b\u00e1rmilyen form\u00e1ban t\u00f6rt\u00e9n\u0151 felhaszn\u00e1l\u00e1sa kiz\u00e1r\u00f3lag az Arbexal Group el\u0151zetes \u00edr\u00e1sbeli enged\u00e9ly\u00e9vel lehets\u00e9ges (kiv\u00e9ve a szerz\u0151i jogr\u00f3l sz\u00f3l\u00f3 1999. \u00e9vi LXXVI. t\u00f6rv\u00e9ny szabad felhaszn\u00e1l\u00e1snak min\u0151s\u00fcl\u0151 eseteket).<\/p>\n<p>6.3 A jelen Felt\u00e9telek nem adnak a Felhaszn\u00e1l\u00f3k r\u00e9sz\u00e9re semmilyen jogot, jogc\u00edmet vagy jogi \u00e9rdeket a weboldallal, az Arbexal Group v\u00e9djegyeivel, log\u00f3ival, m\u00e1s m\u00e1rkajelz\u00e9seivel vagy b\u00e1rmilyen szellemi tulajdon\u00e1val \u00f6sszef\u00fcgg\u00e9sben.<\/p>\n<p>7. WEBOLDAL<br \/>\nAz Arbexal Group honlapj\u00e1t az <u><a href=\"https:\/\/arbexal.com\">Arbexal Group<\/a><\/u> k\u00e9sz\u00edtette.<\/p>\n<p>8. IR\u00c1NYAD\u00d3 JOG<br \/>\n8.1 Jelen Felt\u00e9telekre a magyar jog ir\u00e1nyad\u00f3.<br \/>\nHat\u00e1lyba l\u00e9p\u00e9s ideje: 2020. janu\u00e1r 1.<\/p>\n<p>9. ELV\u00c1LASZTHAT\u00d3S\u00c1G<br \/>\n9.1 Ha a jelen felt\u00e9telek b\u00e1rmelyik rendelkez\u00e9se \u00e9rv\u00e9nytelennek bizonyul valamely alkalmazand\u00f3 t\u00f6rv\u00e9ny alapj\u00e1n, akkor ezen rendelkez\u00e9st t\u00f6r\u00f6lni kell a t\u00f6bbi fennmarad\u00f3 rendelkez\u00e9s s\u00e9relme n\u00e9lk\u00fcl.[\/vc_column_text][\/vc_column_inner][\/vc_row_inner][\/vc_column][\/vc_row]<\/p>\n<\/div>","protected":false},"excerpt":{"rendered":"<p>[vc_row full_width=&#8221;stretch_row_content_no_spaces&#8221; el_class=&#8221;services-top&#8221;][vc_column el_class=&#8221;top-section-texts&#8221;][\/vc_column][\/vc_row][vc_row css=&#8221;.vc_custom_1556889391788{padding-top: 80px !important;padding-bottom: 80px !important;}&#8221; el_id=&#8221;disztribucio&#8221;][vc_column][vc_row_inner][vc_column_inner offset=&#8221;vc_col-lg-offset-0 vc_col-lg-12 vc_col-md-offset-0 vc_col-md-12 vc_col-sm-offset-0 vc_col-xs-12&#8243; css=&#8221;.vc_custom_1557869577000{padding-right: 45px !important;}&#8221;][vc_empty_space height=&#8221;0px&#8221;][vc_column_text css=&#8221;.vc_custom_1728129994708{margin-bottom: 0px !important;}&#8221;]1.1 Jelen honlapot az Arbexal Group Kft. (tov\u00e1bbiakban Arbexal Group) m\u0171k\u00f6dteti. Amennyiben b\u00e1rmilyen k\u00e9rd\u00e9se vagy \u00e9szrev\u00e9tele van a weboldallal kapcsolatban, k\u00e9rj\u00fck, vegye fel vel\u00fcnk a kapcsolatot. 1.2 Honlapunk tartalm\u00e1hoz t\u00f6rt\u00e9n\u0151 hozz\u00e1f\u00e9r\u00e9ssel, az oldalak&#8230;<\/p>\n","protected":false},"author":1,"featured_media":0,"parent":0,"menu_order":0,"comment_status":"closed","ping_status":"closed","template":"homepage.php","meta":{"footnotes":""},"class_list":["post-142","page","type-page","status-publish","hentry"],"yoast_head":"<!-- This site is optimized with the Yoast SEO plugin v27.4 - https:\/\/yoast.com\/product\/yoast-seo-wordpress\/ -->\n<title>\u00c1ltal\u00e1nos szerz\u0151d\u00e9si felt\u00e9telek - Arbexal<\/title>\n<meta name=\"robots\" content=\"index, follow, max-snippet:-1, max-image-preview:large, max-video-preview:-1\" \/>\n<link rel=\"canonical\" href=\"https:\/\/arbexal.com\/hu\/terms-of-use\/\" \/>\n<meta property=\"og:locale\" content=\"hu_HU\" \/>\n<meta property=\"og:type\" content=\"article\" \/>\n<meta property=\"og:title\" content=\"\u00c1ltal\u00e1nos szerz\u0151d\u00e9si felt\u00e9telek - Arbexal\" \/>\n<meta property=\"og:description\" content=\"[vc_row full_width=&#8221;stretch_row_content_no_spaces&#8221; el_class=&#8221;services-top&#8221;][vc_column el_class=&#8221;top-section-texts&#8221;][\/vc_column][\/vc_row][vc_row css=&#8221;.vc_custom_1556889391788{padding-top: 80px !important;padding-bottom: 80px !important;}&#8221; el_id=&#8221;disztribucio&#8221;][vc_column][vc_row_inner][vc_column_inner offset=&#8221;vc_col-lg-offset-0 vc_col-lg-12 vc_col-md-offset-0 vc_col-md-12 vc_col-sm-offset-0 vc_col-xs-12&#8243; css=&#8221;.vc_custom_1557869577000{padding-right: 45px !important;}&#8221;][vc_empty_space height=&#8221;0px&#8221;][vc_column_text css=&#8221;.vc_custom_1728129994708{margin-bottom: 0px !important;}&#8221;]1.1 Jelen honlapot az Arbexal Group Kft. (tov\u00e1bbiakban Arbexal Group) m\u0171k\u00f6dteti. Amennyiben b\u00e1rmilyen k\u00e9rd\u00e9se vagy \u00e9szrev\u00e9tele van a weboldallal kapcsolatban, k\u00e9rj\u00fck, vegye fel vel\u00fcnk a kapcsolatot. 1.2 Honlapunk tartalm\u00e1hoz t\u00f6rt\u00e9n\u0151 hozz\u00e1f\u00e9r\u00e9ssel, az oldalak...\" \/>\n<meta property=\"og:url\" content=\"https:\/\/arbexal.com\/hu\/terms-of-use\/\" \/>\n<meta property=\"og:site_name\" content=\"Arbexal\" \/>\n<meta property=\"article:modified_time\" content=\"2024-10-05T12:07:05+00:00\" \/>\n<meta name=\"twitter:card\" content=\"summary_large_image\" \/>\n<meta name=\"twitter:label1\" content=\"Becs\u00fclt olvas\u00e1si id\u0151\" \/>\n\t<meta name=\"twitter:data1\" content=\"3 perc\" \/>\n<script type=\"application\/ld+json\" class=\"yoast-schema-graph\">{\"@context\":\"https:\\\/\\\/schema.org\",\"@graph\":[{\"@type\":\"WebPage\",\"@id\":\"https:\\\/\\\/arbexal.com\\\/hu\\\/terms-of-use\\\/\",\"url\":\"https:\\\/\\\/arbexal.com\\\/hu\\\/terms-of-use\\\/\",\"name\":\"\u00c1ltal\u00e1nos szerz\u0151d\u00e9si felt\u00e9telek - Arbexal\",\"isPartOf\":{\"@id\":\"https:\\\/\\\/arbexal.com\\\/hu\\\/#website\"},\"datePublished\":\"2024-01-12T21:36:22+00:00\",\"dateModified\":\"2024-10-05T12:07:05+00:00\",\"breadcrumb\":{\"@id\":\"https:\\\/\\\/arbexal.com\\\/hu\\\/terms-of-use\\\/#breadcrumb\"},\"inLanguage\":\"hu\",\"potentialAction\":[{\"@type\":\"ReadAction\",\"target\":[[\"https:\\\/\\\/arbexal.com\\\/hu\\\/terms-of-use\\\/\"]]}]},{\"@type\":\"BreadcrumbList\",\"@id\":\"https:\\\/\\\/arbexal.com\\\/hu\\\/terms-of-use\\\/#breadcrumb\",\"itemListElement\":[{\"@type\":\"ListItem\",\"position\":1,\"name\":\"Home\",\"item\":\"https:\\\/\\\/arbexal.com\\\/hu\\\/\"},{\"@type\":\"ListItem\",\"position\":2,\"name\":\"Terms of use\"}]},{\"@type\":\"WebSite\",\"@id\":\"https:\\\/\\\/arbexal.com\\\/hu\\\/#website\",\"url\":\"https:\\\/\\\/arbexal.com\\\/hu\\\/\",\"name\":\"Arbexal\",\"description\":\"Project Management\",\"potentialAction\":[{\"@type\":\"SearchAction\",\"target\":{\"@type\":\"EntryPoint\",\"urlTemplate\":\"https:\\\/\\\/arbexal.com\\\/hu\\\/?s={search_term_string}\"},\"query-input\":{\"@type\":\"PropertyValueSpecification\",\"valueRequired\":true,\"valueName\":\"search_term_string\"}}],\"inLanguage\":\"hu\"}]}<\/script>\n<!-- \/ Yoast SEO plugin. -->","yoast_head_json":{"title":"\u00c1ltal\u00e1nos szerz\u0151d\u00e9si felt\u00e9telek - Arbexal","robots":{"index":"index","follow":"follow","max-snippet":"max-snippet:-1","max-image-preview":"max-image-preview:large","max-video-preview":"max-video-preview:-1"},"canonical":"https:\/\/arbexal.com\/hu\/terms-of-use\/","og_locale":"hu_HU","og_type":"article","og_title":"\u00c1ltal\u00e1nos szerz\u0151d\u00e9si felt\u00e9telek - Arbexal","og_description":"[vc_row full_width=&#8221;stretch_row_content_no_spaces&#8221; el_class=&#8221;services-top&#8221;][vc_column el_class=&#8221;top-section-texts&#8221;][\/vc_column][\/vc_row][vc_row css=&#8221;.vc_custom_1556889391788{padding-top: 80px !important;padding-bottom: 80px !important;}&#8221; el_id=&#8221;disztribucio&#8221;][vc_column][vc_row_inner][vc_column_inner offset=&#8221;vc_col-lg-offset-0 vc_col-lg-12 vc_col-md-offset-0 vc_col-md-12 vc_col-sm-offset-0 vc_col-xs-12&#8243; css=&#8221;.vc_custom_1557869577000{padding-right: 45px !important;}&#8221;][vc_empty_space height=&#8221;0px&#8221;][vc_column_text css=&#8221;.vc_custom_1728129994708{margin-bottom: 0px !important;}&#8221;]1.1 Jelen honlapot az Arbexal Group Kft. (tov\u00e1bbiakban Arbexal Group) m\u0171k\u00f6dteti. Amennyiben b\u00e1rmilyen k\u00e9rd\u00e9se vagy \u00e9szrev\u00e9tele van a weboldallal kapcsolatban, k\u00e9rj\u00fck, vegye fel vel\u00fcnk a kapcsolatot. 1.2 Honlapunk tartalm\u00e1hoz t\u00f6rt\u00e9n\u0151 hozz\u00e1f\u00e9r\u00e9ssel, az oldalak...","og_url":"https:\/\/arbexal.com\/hu\/terms-of-use\/","og_site_name":"Arbexal","article_modified_time":"2024-10-05T12:07:05+00:00","twitter_card":"summary_large_image","twitter_misc":{"Becs\u00fclt olvas\u00e1si id\u0151":"3 perc"},"schema":{"@context":"https:\/\/schema.org","@graph":[{"@type":"WebPage","@id":"https:\/\/arbexal.com\/hu\/terms-of-use\/","url":"https:\/\/arbexal.com\/hu\/terms-of-use\/","name":"\u00c1ltal\u00e1nos szerz\u0151d\u00e9si felt\u00e9telek - Arbexal","isPartOf":{"@id":"https:\/\/arbexal.com\/hu\/#website"},"datePublished":"2024-01-12T21:36:22+00:00","dateModified":"2024-10-05T12:07:05+00:00","breadcrumb":{"@id":"https:\/\/arbexal.com\/hu\/terms-of-use\/#breadcrumb"},"inLanguage":"hu","potentialAction":[{"@type":"ReadAction","target":[["https:\/\/arbexal.com\/hu\/terms-of-use\/"]]}]},{"@type":"BreadcrumbList","@id":"https:\/\/arbexal.com\/hu\/terms-of-use\/#breadcrumb","itemListElement":[{"@type":"ListItem","position":1,"name":"Home","item":"https:\/\/arbexal.com\/hu\/"},{"@type":"ListItem","position":2,"name":"Terms of use"}]},{"@type":"WebSite","@id":"https:\/\/arbexal.com\/hu\/#website","url":"https:\/\/arbexal.com\/hu\/","name":"Arbexal","description":"Project Management","potentialAction":[{"@type":"SearchAction","target":{"@type":"EntryPoint","urlTemplate":"https:\/\/arbexal.com\/hu\/?s={search_term_string}"},"query-input":{"@type":"PropertyValueSpecification","valueRequired":true,"valueName":"search_term_string"}}],"inLanguage":"hu"}]}},"_links":{"self":[{"href":"https:\/\/arbexal.com\/hu\/wp-json\/wp\/v2\/pages\/142","targetHints":{"allow":["GET"]}}],"collection":[{"href":"https:\/\/arbexal.com\/hu\/wp-json\/wp\/v2\/pages"}],"about":[{"href":"https:\/\/arbexal.com\/hu\/wp-json\/wp\/v2\/types\/page"}],"author":[{"embeddable":true,"href":"https:\/\/arbexal.com\/hu\/wp-json\/wp\/v2\/users\/1"}],"replies":[{"embeddable":true,"href":"https:\/\/arbexal.com\/hu\/wp-json\/wp\/v2\/comments?post=142"}],"version-history":[{"count":0,"href":"https:\/\/arbexal.com\/hu\/wp-json\/wp\/v2\/pages\/142\/revisions"}],"wp:attachment":[{"href":"https:\/\/arbexal.com\/hu\/wp-json\/wp\/v2\/media?parent=142"}],"curies":[{"name":"wp","href":"https:\/\/api.w.org\/{rel}","templated":true}]}}