{"id":300,"date":"2024-01-17T14:09:49","date_gmt":"2024-01-17T14:09:49","guid":{"rendered":"https:\/\/www.arbexal.com\/?page_id=300"},"modified":"2024-01-17T20:26:25","modified_gmt":"2024-01-17T20:26:25","slug":"commercial-projects","status":"publish","type":"page","link":"https:\/\/arbexal.com\/hu\/commercial-projects\/","title":{"rendered":"Kereskedelmi projektek"},"content":{"rendered":"<div class=\"wpb-content-wrapper\"><p>[vc_row full_width=\u201dstretch_row_content_no_spaces\u201d el_class=\u201dservices-top\u201d][vc_column el_class=\u201dtop-section-texts\u201d]<div data-background=\"https:\/\/arbexal.com\/wp-content\/uploads\/2024\/01\/commerce_4.jpg\" class=\"intro full\"><div class=\"intro-body\"><div class=\"container\"><div class=\"row\"><div class=\"col-md-6 col-md-offset-3\"><h1 style=\"font-size: ; font-family: Raleway; line-height: ;\" class=\"\">Kereskedelmi projektek<\/h1><h4 style=\"font-family: ;\" class=\"\">Komplex projektmenedzsment szolg\u00e1ltat\u00e1st v\u00e1llalunk olyan c\u00e9gek sz\u00e1m\u00e1ra, akik szeretn\u00e9k b\u0151v\u00edteni term\u00e9kportf\u00f3li\u00f3jukat, \u00faj term\u00e9ket piacra vezetni, vagy sz\u00fcks\u00e9g\u00fck van az \u00fcgyf\u00e9lk\u00f6r\u00fck b\u0151v\u00edt\u00e9s\u00e9re.<\/h4><\/div><\/div><\/div><\/div><\/div><script>\r\njQuery.noConflict()(function($){\r\n\"use strict\";\r\n\r\n        var introHeader = $(\".intro\"),\r\n            intro = $(\".intro\");\r\n\r\n        buildModuleHeader(introHeader);\r\n\r\n        $(window).resize(function() {\r\n            var width = Math.max($(window).width(), window.innerWidth);\r\n            buildModuleHeader(introHeader);\r\n        });\r\n\r\n        $(window).scroll(function() {\r\n            effectsModuleHeader(introHeader, this);\r\n        });\r\n\r\n        intro.each(function(i) {\r\n            if ($(this).attr(\"data-background\")) {\r\n                $(this).css(\"background-image\", \"url(\" + $(this).attr(\"data-background\") + \")\");\r\n            }\r\n        });\r\n\r\n\r\n        function buildModuleHeader(introHeader) {\r\n        };\r\n        function effectsModuleHeader(introHeader, scrollTopp) {\r\n            if (introHeader.length > 0) {\r\n                var homeSHeight = introHeader.height();\r\n                var topScroll = $(document).scrollTop();\r\n                if ((introHeader.hasClass(\"intro\")) && ($(scrollTopp).scrollTop() <= homeSHeight)) {\r\n                    introHeader.css(\"top\", (topScroll * .4));\r\n                }\r\n                if (introHeader.hasClass(\"intro\") && ($(scrollTopp).scrollTop() <= homeSHeight)) {\r\n                    introHeader.css(\"opacity\", (1 - topScroll\/introHeader.height() * 1));\r\n                }\r\n            }\r\n        };\r\n});\r\n\t<\/script>[\/vc_column][\/vc_row][vc_row css=\u201d.vc_custom_1705519266316{padding-top: 80px !important;padding-bottom: 80px !important;}\u201d el_id=\u201dproduct_portfolio\u201d][vc_column][vc_row_inner][vc_column_inner offset=\u201dvc_col-lg-offset-0 vc_col-lg-6 vc_col-md-offset-0 vc_col-md-6 vc_col-sm-offset-0 vc_col-xs-12\u2033 css=\u201d.vc_custom_1556872384773{padding-right: 45px !important;}\u201d][vc_empty_space height=\u201d0px\u201d]<div class=\"promo-block  \">\r\n            \t<h3>Term\u00e9kportf\u00f3li\u00f3 b\u0151v\u00edt\u00e9s<\/h3>\r\n            \t<p><\/p>\r\n              <\/div>[vc_column_text css=\u201d.vc_custom_1705522176109{margin-bottom: 0px !important;}\u201d]<\/p>\n<ul class=\"ulinside992\">\n<li>A legversenyk\u00e9pesebb term\u00e9kek felkutat\u00e1sa a nemzetk\u00f6zi piacon.<\/li>\n<li>Kapcsolatfelv\u00e9tel a k\u00fclf\u00f6ldi gy\u00e1rt\u00f3k \u00e9rt\u00e9kes\u00edt\u00e9si k\u00e9pvisel\u0151ivel, vezet\u0151ivel.<\/li>\n<li>Az \u00fczleti modell \u00e9s a p\u00e9nz\u00fcgyi, kereskedelmi felt\u00e9telek v\u00e9gleges\u00edt\u00e9se.<\/li>\n<li>Szerz\u0151d\u00e9sk\u00f6t\u00e9shez seg\u00edts\u00e9gny\u00fajt\u00e1s.<\/li>\n<li>Egy\u00e9b \u00fczletfejleszt\u00e9si tippek.<\/li>\n<\/ul>\n<p>[\/vc_column_text][\/vc_column_inner][vc_column_inner el_class=\u201dresp-marg-50\u2033 offset=\u201dvc_col-lg-offset-0 vc_col-lg-6 vc_col-md-offset-0 vc_col-md-6 vc_col-sm-offset-0 vc_col-xs-12\u2033][vc_single_image image=\u201d322\u2033 img_size=\u201dfull\u201d el_class=\u201dhideimage992\u2033][\/vc_column_inner][\/vc_row_inner][\/vc_column][\/vc_row][vc_row full_width=\u201dstretch_row\u201d css=\u201d.vc_custom_1705519359970{padding-top: 80px !important;padding-bottom: 80px !important;background-color: #e8e8e8 !important;}\u201d el_id=\u201dmarket_launch\u201d][vc_column][vc_row_inner][vc_column_inner offset=\u201dvc_col-lg-offset-0 vc_col-lg-6 vc_col-md-offset-0 vc_col-md-6 vc_col-sm-offset-0 vc_col-xs-12\u2033][vc_single_image image=\u201d320\u2033 img_size=\u201dfull\u201d alignment=\u201dright\u201d el_class=\u201dhideimage992\u2033][\/vc_column_inner][vc_column_inner el_class=\u201dresp-marg-50\u2033 offset=\u201dvc_col-lg-offset-1 vc_col-lg-5 vc_col-md-offset-0 vc_col-md-6 vc_col-sm-offset-0 vc_col-xs-12\u2033]<div class=\"promo-block  \">\r\n            \t<h3>Term\u00e9kek piaci bevezet\u00e9se<\/h3>\r\n            \t<p><\/p>\r\n              <\/div>[vc_column_text css=\u201d.vc_custom_1705522301743{margin-bottom: 0px !important;}\u201d]<\/p>\n<ul class=\"ulinside992\">\n<li>A sz\u00fcks\u00e9ges hum\u00e1n er\u0151forr\u00e1sok koordin\u00e1ci\u00f3ja (grafikusok, logisztikusok, sales vezet\u0151k).<\/li>\n<li>Javaslat az \u00fczleti modellre, k\u00f6lts\u00e9gvet\u00e9si terv k\u00e9sz\u00edt\u00e9se.<\/li>\n<li>T\u00e1rgyal\u00e1s a nagykeresked\u0151kkel.<\/li>\n<li>Seg\u00edts\u00e9gny\u00fajt\u00e1s a legjobb term\u00e9kn\u00e9v megtal\u00e1l\u00e1s\u00e1ban, v\u00e9djegykutat\u00e1s.<\/li>\n<li>Prom\u00f3ci\u00f3s anyagok megfelel\u0151s\u00e9g\u00e9nek ellen\u0151rz\u00e9se.<\/li>\n<li>Egy\u00e9b szakmai tan\u00e1csad\u00e1s.<\/li>\n<\/ul>\n<p>[\/vc_column_text][\/vc_column_inner][\/vc_row_inner][\/vc_column][\/vc_row][vc_row disable_element=\u201dyes\u201d css=\u201d.vc_custom_1705519379588{padding-top: 80px !important;padding-bottom: 80px !important;}\u201d el_id=\u201dhelyi-kepviselet\u201d][vc_column][vc_row_inner][vc_column_inner offset=\u201dvc_col-lg-offset-0 vc_col-lg-6 vc_col-md-offset-0 vc_col-md-6 vc_col-sm-offset-0 vc_col-xs-12\u2033 css=\u201d.vc_custom_1556872353573{padding-right: 45px !important;}\u201d]<div class=\"promo-block  \">\r\n            \t<h3>Dietary supplement notification in Hungary<\/h3>\r\n            \t<p><\/p>\r\n              <\/div>[vc_column_text css=\u201d.vc_custom_1705492348405{margin-bottom: 0px !important;}\u201d]<\/p>\n<ul class=\"ulinside992\">\n<li>Advice on feasibility (choosing the right product category).<\/li>\n<li>Advice on applicable health claims.<\/li>\n<li>Quality and quantity control of legal compliance of active ingredients and excipients.<\/li>\n<li>Preparation and\/or quality control of label text (packaging plans) in Hungarian language.<\/li>\n<li>Quality control of graphic implementation.<\/li>\n<li>Compilation of the dossier, help in identifying missing documents.<\/li>\n<li>Filling out a cover letter and data sheet.<\/li>\n<li>Maintaining contact with you, answering your questions.<\/li>\n<li>Assistance in submitting documentation to the authorities.<\/li>\n<li>English-Hungarian and Hungarian-English translation tasks related to the above.<\/li>\n<\/ul>\n<p>[\/vc_column_text][\/vc_column_inner][vc_column_inner el_class=\u201dresp-marg-50\u2033 offset=\u201dvc_col-lg-offset-0 vc_col-lg-6 vc_col-md-offset-0 vc_col-md-6 vc_col-sm-offset-0 vc_col-xs-12\u2033][vc_single_image img_size=\u201dfull\u201d el_class=\u201dhideimage992\u2033][\/vc_column_inner][\/vc_row_inner][\/vc_column][\/vc_row][vc_row full_width=\u201dstretch_row\u201d disable_element=\u201dyes\u201d css=\u201d.vc_custom_1705519387346{padding-top: 80px !important;padding-bottom: 80px !important;background-color: #e8e8e8 !important;}\u201d el_id=\u201dszoftver-fejlesztes\u201d][vc_column][vc_row_inner][vc_column_inner offset=\u201dvc_col-lg-offset-0 vc_col-lg-6 vc_col-md-offset-0 vc_col-md-6 vc_col-sm-offset-0 vc_col-xs-12\u2033][vc_single_image image=\u201d285\u2033 img_size=\u201dfull\u201d alignment=\u201dright\u201d el_class=\u201dhideimage992\u2033][\/vc_column_inner][vc_column_inner el_class=\u201dresp-marg-50\u2033 offset=\u201dvc_col-lg-offset-1 vc_col-lg-5 vc_col-md-offset-0 vc_col-md-6 vc_col-sm-offset-0 vc_col-xs-12\u2033]<div class=\"promo-block  \">\r\n            \t<h3>Dietary supplement manufacturing plant<\/h3>\r\n            \t<p><\/p>\r\n              <\/div>[vc_column_text css=\u201d.vc_custom_1705492900115{margin-bottom: 0px !important;}\u201d]Project management tasks related to the setup of a dietary supplement manufacturing plant in Hungary, from planning to implementation.[\/vc_column_text][\/vc_column_inner][\/vc_row_inner][\/vc_column][\/vc_row][vc_row disable_element=\u201dyes\u201d css=\u201d.vc_custom_1611093491217{padding-top: 80px !important;padding-bottom: 80px !important;}\u201d el_id=\u201dtorzskonyvezes\u201d][vc_column][vc_row_inner][vc_column_inner offset=\u201dvc_col-lg-offset-0 vc_col-lg-6 vc_col-md-offset-0 vc_col-md-6 vc_col-sm-offset-0 vc_col-xs-12\u2033 css=\u201d.vc_custom_1556872337750{padding-right: 45px !important;}\u201d]<div class=\"promo-block  \">\r\n            \t<h3>T\u00f6rzsk\u00f6nyvez\u00e9s<\/h3>\r\n            \t<p><\/p>\r\n              <\/div>[vc_column_text css=\u201d.vc_custom_1557865586223{margin-bottom: 0px !important;}\u201d]Partnereink sz\u00e1m\u00e1ra v\u00e1llaljuk gy\u00f3gyszerek regisztr\u00e1ci\u00f3j\u00e1t, valamint speci\u00e1lis gy\u00f3gy\u00e1szati c\u00e9lra sz\u00e1nt \u00e9lelmiszerek \u00e9s \u00e9trendkieg\u00e9sz\u00edt\u0151k notifik\u00e1ci\u00f3j\u00e1t.<\/p>\n<h2 class=\"classic\"><b>Regisztr\u00e1ci\u00f3 \u00e9s notifik\u00e1ci\u00f3<\/b><\/h2>\n<p>[\/vc_column_text][\/vc_column_inner][vc_column_inner el_class=\u201dresp-marg-50\u2033 offset=\u201dvc_col-lg-offset-0 vc_col-lg-6 vc_col-md-offset-0 vc_col-md-6 vc_col-sm-offset-0 vc_col-xs-12\u2033][vc_single_image image=\u201d2104\u2033 img_size=\u201dfull\u201d][\/vc_column_inner][\/vc_row_inner][\/vc_column][\/vc_row][vc_row full_width=\u201dstretch_row\u201d disable_element=\u201dyes\u201d css=\u201d.vc_custom_1611093499750{padding-top: 80px !important;padding-bottom: 80px !important;background-color: #e8e8e8 !important;}\u201d el_id=\u201dkozos-projektek\u201d][vc_column][vc_row_inner][vc_column_inner offset=\u201dvc_col-lg-offset-0 vc_col-lg-6 vc_col-md-offset-0 vc_col-md-6 vc_col-sm-offset-0 vc_col-xs-12\u2033][vc_single_image image=\u201d2103\u2033 img_size=\u201dfull\u201d alignment=\u201dright\u201d][\/vc_column_inner][vc_column_inner el_class=\u201dresp-marg-50\u2033 offset=\u201dvc_col-lg-offset-1 vc_col-lg-5 vc_col-md-offset-0 vc_col-md-6 vc_col-sm-offset-0 vc_col-xs-12\u2033][vc_empty_space height=\u201d40px\u201d]<div class=\"promo-block  \">\r\n            \t<h3>K\u00f6z\u00f6s projektek<\/h3>\r\n            \t<p><\/p>\r\n              <\/div>[vc_column_text css=\u201d.vc_custom_1556636605015{margin-bottom: 0px !important;}\u201d]Ha b\u00e1rmilyen \u00f6tlete van a gy\u00f3gyszeriparhoz vagy term\u00e9kekhez kapcsol\u00f3d\u00f3an, akkor l\u00e9pjen vel\u00fcnk kapcsolatba! Javasolni fogunk egy kedvez\u0151 \u00fczleti modellt az egy\u00fcttm\u0171k\u00f6d\u00e9shez!<\/p>\n<h2 class=\"classic\"><b>Kedvez\u0151 \u00fczleti modell<\/b><\/h2>\n<p>[\/vc_column_text][\/vc_column_inner][\/vc_row_inner][\/vc_column][\/vc_row][vc_row][vc_column][vc_column_text]<\/p>\n<p>[\/vc_column_text][\/vc_column][\/vc_row]<\/p>\n<\/div>","protected":false},"excerpt":{"rendered":"<p>[vc_row full_width=\u201dstretch_row_content_no_spaces\u201d el_class=\u201dservices-top\u201d][vc_column el_class=\u201dtop-section-texts\u201d][\/vc_column][\/vc_row][vc_row css=\u201d.vc_custom_1705519266316{padding-top: 80px !important;padding-bottom: 80px !important;}\u201d el_id=\u201dproduct_portfolio\u201d][vc_column][vc_row_inner][vc_column_inner offset=\u201dvc_col-lg-offset-0 vc_col-lg-6 vc_col-md-offset-0 vc_col-md-6 vc_col-sm-offset-0 vc_col-xs-12\u2033 css=\u201d.vc_custom_1556872384773{padding-right: 45px !important;}\u201d][vc_empty_space height=\u201d0px\u201d][vc_column_text css=\u201d.vc_custom_1705522176109{margin-bottom: 0px !important;}\u201d] A legversenyk\u00e9pesebb term\u00e9kek felkutat\u00e1sa a nemzetk\u00f6zi piacon. Kapcsolatfelv\u00e9tel a k\u00fclf\u00f6ldi gy\u00e1rt\u00f3k \u00e9rt\u00e9kes\u00edt\u00e9si k\u00e9pvisel\u0151ivel, vezet\u0151ivel. Az \u00fczleti modell \u00e9s a p\u00e9nz\u00fcgyi, kereskedelmi felt\u00e9telek v\u00e9gleges\u00edt\u00e9se. Szerz\u0151d\u00e9sk\u00f6t\u00e9shez seg\u00edts\u00e9gny\u00fajt\u00e1s. Egy\u00e9b \u00fczletfejleszt\u00e9si tippek. [\/vc_column_text][\/vc_column_inner][vc_column_inner el_class=\u201dresp-marg-50\u2033 offset=\u201dvc_col-lg-offset-0 vc_col-lg-6&#8230;<\/p>\n","protected":false},"author":1,"featured_media":0,"parent":0,"menu_order":0,"comment_status":"closed","ping_status":"closed","template":"homepage.php","meta":{"footnotes":""},"class_list":["post-300","page","type-page","status-publish","hentry"],"yoast_head":"<!-- This site is optimized with the Yoast SEO plugin v27.5 - https:\/\/yoast.com\/product\/yoast-seo-wordpress\/ -->\n<title>Kereskedelmi projektek - Arbexal<\/title>\n<meta name=\"robots\" content=\"index, follow, max-snippet:-1, max-image-preview:large, max-video-preview:-1\" \/>\n<link rel=\"canonical\" href=\"https:\/\/arbexal.com\/hu\/commercial-projects\/\" \/>\n<meta property=\"og:locale\" content=\"hu_HU\" \/>\n<meta property=\"og:type\" content=\"article\" \/>\n<meta property=\"og:title\" content=\"Kereskedelmi projektek - Arbexal\" \/>\n<meta property=\"og:description\" content=\"[vc_row full_width=\u201dstretch_row_content_no_spaces\u201d el_class=\u201dservices-top\u201d][vc_column el_class=\u201dtop-section-texts\u201d][\/vc_column][\/vc_row][vc_row css=\u201d.vc_custom_1705519266316{padding-top: 80px !important;padding-bottom: 80px !important;}\u201d el_id=\u201dproduct_portfolio\u201d][vc_column][vc_row_inner][vc_column_inner offset=\u201dvc_col-lg-offset-0 vc_col-lg-6 vc_col-md-offset-0 vc_col-md-6 vc_col-sm-offset-0 vc_col-xs-12\u2033 css=\u201d.vc_custom_1556872384773{padding-right: 45px !important;}\u201d][vc_empty_space height=\u201d0px\u201d][vc_column_text css=\u201d.vc_custom_1705522176109{margin-bottom: 0px !important;}\u201d] A legversenyk\u00e9pesebb term\u00e9kek felkutat\u00e1sa a nemzetk\u00f6zi piacon. Kapcsolatfelv\u00e9tel a k\u00fclf\u00f6ldi gy\u00e1rt\u00f3k \u00e9rt\u00e9kes\u00edt\u00e9si k\u00e9pvisel\u0151ivel, vezet\u0151ivel. Az \u00fczleti modell \u00e9s a p\u00e9nz\u00fcgyi, kereskedelmi felt\u00e9telek v\u00e9gleges\u00edt\u00e9se. Szerz\u0151d\u00e9sk\u00f6t\u00e9shez seg\u00edts\u00e9gny\u00fajt\u00e1s. Egy\u00e9b \u00fczletfejleszt\u00e9si tippek. [\/vc_column_text][\/vc_column_inner][vc_column_inner el_class=\u201dresp-marg-50\u2033 offset=\u201dvc_col-lg-offset-0 vc_col-lg-6...\" \/>\n<meta property=\"og:url\" content=\"https:\/\/arbexal.com\/hu\/commercial-projects\/\" \/>\n<meta property=\"og:site_name\" content=\"Arbexal\" \/>\n<meta property=\"article:modified_time\" content=\"2024-01-17T20:26:25+00:00\" \/>\n<meta name=\"twitter:card\" content=\"summary_large_image\" \/>\n<meta name=\"twitter:label1\" content=\"Becs\u00fclt olvas\u00e1si id\u0151\" \/>\n\t<meta name=\"twitter:data1\" content=\"16 perc\" \/>\n<script type=\"application\/ld+json\" class=\"yoast-schema-graph\">{\"@context\":\"https:\\\/\\\/schema.org\",\"@graph\":[{\"@type\":\"WebPage\",\"@id\":\"https:\\\/\\\/arbexal.com\\\/hu\\\/commercial-projects\\\/\",\"url\":\"https:\\\/\\\/arbexal.com\\\/hu\\\/commercial-projects\\\/\",\"name\":\"Kereskedelmi projektek - Arbexal\",\"isPartOf\":{\"@id\":\"https:\\\/\\\/arbexal.com\\\/hu\\\/#website\"},\"datePublished\":\"2024-01-17T14:09:49+00:00\",\"dateModified\":\"2024-01-17T20:26:25+00:00\",\"breadcrumb\":{\"@id\":\"https:\\\/\\\/arbexal.com\\\/hu\\\/commercial-projects\\\/#breadcrumb\"},\"inLanguage\":\"hu\",\"potentialAction\":[{\"@type\":\"ReadAction\",\"target\":[[\"https:\\\/\\\/arbexal.com\\\/hu\\\/commercial-projects\\\/\"]]}]},{\"@type\":\"BreadcrumbList\",\"@id\":\"https:\\\/\\\/arbexal.com\\\/hu\\\/commercial-projects\\\/#breadcrumb\",\"itemListElement\":[{\"@type\":\"ListItem\",\"position\":1,\"name\":\"Home\",\"item\":\"https:\\\/\\\/arbexal.com\\\/hu\\\/\"},{\"@type\":\"ListItem\",\"position\":2,\"name\":\"Commercial projects\"}]},{\"@type\":\"WebSite\",\"@id\":\"https:\\\/\\\/arbexal.com\\\/hu\\\/#website\",\"url\":\"https:\\\/\\\/arbexal.com\\\/hu\\\/\",\"name\":\"Arbexal\",\"description\":\"Project Management\",\"potentialAction\":[{\"@type\":\"SearchAction\",\"target\":{\"@type\":\"EntryPoint\",\"urlTemplate\":\"https:\\\/\\\/arbexal.com\\\/hu\\\/?s={search_term_string}\"},\"query-input\":{\"@type\":\"PropertyValueSpecification\",\"valueRequired\":true,\"valueName\":\"search_term_string\"}}],\"inLanguage\":\"hu\"}]}<\/script>\n<!-- \/ Yoast SEO plugin. -->","yoast_head_json":{"title":"Kereskedelmi projektek - Arbexal","robots":{"index":"index","follow":"follow","max-snippet":"max-snippet:-1","max-image-preview":"max-image-preview:large","max-video-preview":"max-video-preview:-1"},"canonical":"https:\/\/arbexal.com\/hu\/commercial-projects\/","og_locale":"hu_HU","og_type":"article","og_title":"Kereskedelmi projektek - Arbexal","og_description":"[vc_row full_width=\u201dstretch_row_content_no_spaces\u201d el_class=\u201dservices-top\u201d][vc_column el_class=\u201dtop-section-texts\u201d][\/vc_column][\/vc_row][vc_row css=\u201d.vc_custom_1705519266316{padding-top: 80px !important;padding-bottom: 80px !important;}\u201d el_id=\u201dproduct_portfolio\u201d][vc_column][vc_row_inner][vc_column_inner offset=\u201dvc_col-lg-offset-0 vc_col-lg-6 vc_col-md-offset-0 vc_col-md-6 vc_col-sm-offset-0 vc_col-xs-12\u2033 css=\u201d.vc_custom_1556872384773{padding-right: 45px !important;}\u201d][vc_empty_space height=\u201d0px\u201d][vc_column_text css=\u201d.vc_custom_1705522176109{margin-bottom: 0px !important;}\u201d] A legversenyk\u00e9pesebb term\u00e9kek felkutat\u00e1sa a nemzetk\u00f6zi piacon. Kapcsolatfelv\u00e9tel a k\u00fclf\u00f6ldi gy\u00e1rt\u00f3k \u00e9rt\u00e9kes\u00edt\u00e9si k\u00e9pvisel\u0151ivel, vezet\u0151ivel. Az \u00fczleti modell \u00e9s a p\u00e9nz\u00fcgyi, kereskedelmi felt\u00e9telek v\u00e9gleges\u00edt\u00e9se. Szerz\u0151d\u00e9sk\u00f6t\u00e9shez seg\u00edts\u00e9gny\u00fajt\u00e1s. Egy\u00e9b \u00fczletfejleszt\u00e9si tippek. [\/vc_column_text][\/vc_column_inner][vc_column_inner el_class=\u201dresp-marg-50\u2033 offset=\u201dvc_col-lg-offset-0 vc_col-lg-6...","og_url":"https:\/\/arbexal.com\/hu\/commercial-projects\/","og_site_name":"Arbexal","article_modified_time":"2024-01-17T20:26:25+00:00","twitter_card":"summary_large_image","twitter_misc":{"Becs\u00fclt olvas\u00e1si id\u0151":"16 perc"},"schema":{"@context":"https:\/\/schema.org","@graph":[{"@type":"WebPage","@id":"https:\/\/arbexal.com\/hu\/commercial-projects\/","url":"https:\/\/arbexal.com\/hu\/commercial-projects\/","name":"Kereskedelmi projektek - Arbexal","isPartOf":{"@id":"https:\/\/arbexal.com\/hu\/#website"},"datePublished":"2024-01-17T14:09:49+00:00","dateModified":"2024-01-17T20:26:25+00:00","breadcrumb":{"@id":"https:\/\/arbexal.com\/hu\/commercial-projects\/#breadcrumb"},"inLanguage":"hu","potentialAction":[{"@type":"ReadAction","target":[["https:\/\/arbexal.com\/hu\/commercial-projects\/"]]}]},{"@type":"BreadcrumbList","@id":"https:\/\/arbexal.com\/hu\/commercial-projects\/#breadcrumb","itemListElement":[{"@type":"ListItem","position":1,"name":"Home","item":"https:\/\/arbexal.com\/hu\/"},{"@type":"ListItem","position":2,"name":"Commercial projects"}]},{"@type":"WebSite","@id":"https:\/\/arbexal.com\/hu\/#website","url":"https:\/\/arbexal.com\/hu\/","name":"Arbexal","description":"Project Management","potentialAction":[{"@type":"SearchAction","target":{"@type":"EntryPoint","urlTemplate":"https:\/\/arbexal.com\/hu\/?s={search_term_string}"},"query-input":{"@type":"PropertyValueSpecification","valueRequired":true,"valueName":"search_term_string"}}],"inLanguage":"hu"}]}},"_links":{"self":[{"href":"https:\/\/arbexal.com\/hu\/wp-json\/wp\/v2\/pages\/300","targetHints":{"allow":["GET"]}}],"collection":[{"href":"https:\/\/arbexal.com\/hu\/wp-json\/wp\/v2\/pages"}],"about":[{"href":"https:\/\/arbexal.com\/hu\/wp-json\/wp\/v2\/types\/page"}],"author":[{"embeddable":true,"href":"https:\/\/arbexal.com\/hu\/wp-json\/wp\/v2\/users\/1"}],"replies":[{"embeddable":true,"href":"https:\/\/arbexal.com\/hu\/wp-json\/wp\/v2\/comments?post=300"}],"version-history":[{"count":0,"href":"https:\/\/arbexal.com\/hu\/wp-json\/wp\/v2\/pages\/300\/revisions"}],"wp:attachment":[{"href":"https:\/\/arbexal.com\/hu\/wp-json\/wp\/v2\/media?parent=300"}],"curies":[{"name":"wp","href":"https:\/\/api.w.org\/{rel}","templated":true}]}}